{"id":8473,"date":"2024-07-10T08:58:48","date_gmt":"2024-07-10T08:58:48","guid":{"rendered":"https:\/\/aktion-eichhoernchen.de\/wp_aktion\/?page_id=8473"},"modified":"2024-07-10T09:09:44","modified_gmt":"2024-07-10T09:09:44","slug":"verein-2024-mitglieder-finanzen","status":"publish","type":"page","link":"https:\/\/aktion-eichhoernchen.de\/wp_aktion\/?page_id=8473","title":{"rendered":"Verein &#8211; 2024 Mitglieder &#038; Finanzen"},"content":{"rendered":"\n<p><strong>Aufschl\u00fcsselung der Einnahmen und Ausgaben f\u00fcr das Jahr 2024<\/strong><br>(Die Auflistung ist um die Kleinstbetr\u00e4ge auf den Buchungskonten reduziert!)<\/p>\n\n\n\n<hr class=\"wp-block-separator has-alpha-channel-opacity is-style-wide\"\/>\n\n\n\n<figure class=\"wp-block-image size-large\"><img loading=\"lazy\" decoding=\"async\" width=\"1024\" height=\"481\" src=\"https:\/\/aktion-eichhoernchen.de\/wp_aktion\/wp-content\/uploads\/2024\/07\/Screenshot-2024-07-10-105549-1024x481.png\" alt=\"\" class=\"wp-image-8546\" srcset=\"https:\/\/aktion-eichhoernchen.de\/wp_aktion\/wp-content\/uploads\/2024\/07\/Screenshot-2024-07-10-105549-1024x481.png 1024w, https:\/\/aktion-eichhoernchen.de\/wp_aktion\/wp-content\/uploads\/2024\/07\/Screenshot-2024-07-10-105549-300x141.png 300w, https:\/\/aktion-eichhoernchen.de\/wp_aktion\/wp-content\/uploads\/2024\/07\/Screenshot-2024-07-10-105549-768x361.png 768w, https:\/\/aktion-eichhoernchen.de\/wp_aktion\/wp-content\/uploads\/2024\/07\/Screenshot-2024-07-10-105549.png 1135w\" sizes=\"auto, (max-width: 1024px) 100vw, 1024px\" \/><\/figure>\n\n\n\n<figure class=\"wp-block-image size-large\"><img loading=\"lazy\" decoding=\"async\" width=\"1024\" height=\"197\" src=\"https:\/\/aktion-eichhoernchen.de\/wp_aktion\/wp-content\/uploads\/2024\/07\/Screenshot-2024-07-10-105608-1024x197.png\" alt=\"\" class=\"wp-image-8547\" srcset=\"https:\/\/aktion-eichhoernchen.de\/wp_aktion\/wp-content\/uploads\/2024\/07\/Screenshot-2024-07-10-105608-1024x197.png 1024w, https:\/\/aktion-eichhoernchen.de\/wp_aktion\/wp-content\/uploads\/2024\/07\/Screenshot-2024-07-10-105608-300x58.png 300w, https:\/\/aktion-eichhoernchen.de\/wp_aktion\/wp-content\/uploads\/2024\/07\/Screenshot-2024-07-10-105608-768x148.png 768w, https:\/\/aktion-eichhoernchen.de\/wp_aktion\/wp-content\/uploads\/2024\/07\/Screenshot-2024-07-10-105608.png 1134w\" sizes=\"auto, (max-width: 1024px) 100vw, 1024px\" \/><\/figure>\n\n\n\n<figure class=\"wp-block-image size-large\"><img loading=\"lazy\" decoding=\"async\" width=\"1024\" height=\"182\" src=\"https:\/\/aktion-eichhoernchen.de\/wp_aktion\/wp-content\/uploads\/2024\/07\/Screenshot-2024-07-10-105627-1024x182.png\" alt=\"\" class=\"wp-image-8548\" srcset=\"https:\/\/aktion-eichhoernchen.de\/wp_aktion\/wp-content\/uploads\/2024\/07\/Screenshot-2024-07-10-105627-1024x182.png 1024w, https:\/\/aktion-eichhoernchen.de\/wp_aktion\/wp-content\/uploads\/2024\/07\/Screenshot-2024-07-10-105627-300x53.png 300w, https:\/\/aktion-eichhoernchen.de\/wp_aktion\/wp-content\/uploads\/2024\/07\/Screenshot-2024-07-10-105627-768x137.png 768w, https:\/\/aktion-eichhoernchen.de\/wp_aktion\/wp-content\/uploads\/2024\/07\/Screenshot-2024-07-10-105627.png 1124w\" sizes=\"auto, (max-width: 1024px) 100vw, 1024px\" \/><\/figure>\n\n\n\n<p><\/p>\n\n\n\n<p><strong>Aktuelle Mitgliederanzahl 30.06.2024<\/strong><\/p>\n\n\n\n<figure class=\"wp-block-image size-full\"><img loading=\"lazy\" decoding=\"async\" width=\"316\" height=\"76\" src=\"https:\/\/aktion-eichhoernchen.de\/wp_aktion\/wp-content\/uploads\/2024\/07\/Screenshot-2024-07-10-110637.png\" alt=\"\" class=\"wp-image-8554\" srcset=\"https:\/\/aktion-eichhoernchen.de\/wp_aktion\/wp-content\/uploads\/2024\/07\/Screenshot-2024-07-10-110637.png 316w, https:\/\/aktion-eichhoernchen.de\/wp_aktion\/wp-content\/uploads\/2024\/07\/Screenshot-2024-07-10-110637-300x72.png 300w\" sizes=\"auto, (max-width: 316px) 100vw, 316px\" \/><\/figure>\n","protected":false},"excerpt":{"rendered":"<p>Aufschl\u00fcsselung der Einnahmen und Ausgaben f\u00fcr das Jahr 2024(Die Auflistung ist um die Kleinstbetr\u00e4ge auf den Buchungskonten reduziert!) Aktuelle Mitgliederanzahl 30.06.2024<\/p>\n","protected":false},"author":1,"featured_media":0,"parent":0,"menu_order":0,"comment_status":"closed","ping_status":"closed","template":"","meta":{"footnotes":""},"class_list":["post-8473","page","type-page","status-publish","hentry"],"_links":{"self":[{"href":"https:\/\/aktion-eichhoernchen.de\/wp_aktion\/index.php?rest_route=\/wp\/v2\/pages\/8473","targetHints":{"allow":["GET"]}}],"collection":[{"href":"https:\/\/aktion-eichhoernchen.de\/wp_aktion\/index.php?rest_route=\/wp\/v2\/pages"}],"about":[{"href":"https:\/\/aktion-eichhoernchen.de\/wp_aktion\/index.php?rest_route=\/wp\/v2\/types\/page"}],"author":[{"embeddable":true,"href":"https:\/\/aktion-eichhoernchen.de\/wp_aktion\/index.php?rest_route=\/wp\/v2\/users\/1"}],"replies":[{"embeddable":true,"href":"https:\/\/aktion-eichhoernchen.de\/wp_aktion\/index.php?rest_route=%2Fwp%2Fv2%2Fcomments&post=8473"}],"version-history":[{"count":5,"href":"https:\/\/aktion-eichhoernchen.de\/wp_aktion\/index.php?rest_route=\/wp\/v2\/pages\/8473\/revisions"}],"predecessor-version":[{"id":8555,"href":"https:\/\/aktion-eichhoernchen.de\/wp_aktion\/index.php?rest_route=\/wp\/v2\/pages\/8473\/revisions\/8555"}],"wp:attachment":[{"href":"https:\/\/aktion-eichhoernchen.de\/wp_aktion\/index.php?rest_route=%2Fwp%2Fv2%2Fmedia&parent=8473"}],"curies":[{"name":"wp","href":"https:\/\/api.w.org\/{rel}","templated":true}]}}