{"id":8166,"date":"2024-05-31T08:14:36","date_gmt":"2024-05-31T08:14:36","guid":{"rendered":"https:\/\/aktion-eichhoernchen.de\/wp_aktion\/?page_id=8166"},"modified":"2025-05-29T09:31:50","modified_gmt":"2025-05-29T09:31:50","slug":"06-eichhoernchen-im-juni","status":"publish","type":"page","link":"https:\/\/aktion-eichhoernchen.de\/wp_aktion\/?page_id=8166","title":{"rendered":"06 &#8211; Eichh\u00f6rnchen im Juni"},"content":{"rendered":"\n<p>Die Eichkater haben bei Ihren Streifz\u00fcgen bestimmt noch die ein oder andere Eichkatze in ihr Herz geschlossen und haben mit ihrem Paarungsverhalten, das wir in den Vormonaten beschrieben haben, bestimmt noch den ein oder anderen Treffer gelandet. <\/p>\n\n\n\n<figure class=\"wp-block-gallery has-nested-images columns-default is-cropped wp-block-gallery-2 is-layout-flex wp-block-gallery-is-layout-flex\">\n<figure class=\"wp-block-image size-large\"><img loading=\"lazy\" decoding=\"async\" width=\"600\" height=\"450\" data-id=\"8173\" src=\"https:\/\/aktion-eichhoernchen.de\/wp_aktion\/wp-content\/uploads\/2024\/05\/0002697.jpeg\" alt=\"\" class=\"wp-image-8173\" srcset=\"https:\/\/aktion-eichhoernchen.de\/wp_aktion\/wp-content\/uploads\/2024\/05\/0002697.jpeg 600w, https:\/\/aktion-eichhoernchen.de\/wp_aktion\/wp-content\/uploads\/2024\/05\/0002697-300x225.jpeg 300w\" sizes=\"auto, (max-width: 600px) 100vw, 600px\" \/><figcaption class=\"wp-element-caption\">\u00a9Solymar<\/figcaption><\/figure>\n\n\n\n<figure class=\"wp-block-image size-large\"><img loading=\"lazy\" decoding=\"async\" width=\"600\" height=\"450\" data-id=\"8174\" src=\"https:\/\/aktion-eichhoernchen.de\/wp_aktion\/wp-content\/uploads\/2024\/05\/0002698.jpeg\" alt=\"\" class=\"wp-image-8174\" srcset=\"https:\/\/aktion-eichhoernchen.de\/wp_aktion\/wp-content\/uploads\/2024\/05\/0002698.jpeg 600w, https:\/\/aktion-eichhoernchen.de\/wp_aktion\/wp-content\/uploads\/2024\/05\/0002698-300x225.jpeg 300w\" sizes=\"auto, (max-width: 600px) 100vw, 600px\" \/><figcaption class=\"wp-element-caption\">\u00a9Solymar<\/figcaption><\/figure>\n\n\n\n<figure class=\"wp-block-image size-large\"><img loading=\"lazy\" decoding=\"async\" width=\"600\" height=\"450\" data-id=\"8175\" src=\"https:\/\/aktion-eichhoernchen.de\/wp_aktion\/wp-content\/uploads\/2024\/05\/0002699.jpeg\" alt=\"\" class=\"wp-image-8175\" srcset=\"https:\/\/aktion-eichhoernchen.de\/wp_aktion\/wp-content\/uploads\/2024\/05\/0002699.jpeg 600w, https:\/\/aktion-eichhoernchen.de\/wp_aktion\/wp-content\/uploads\/2024\/05\/0002699-300x225.jpeg 300w\" sizes=\"auto, (max-width: 600px) 100vw, 600px\" \/><figcaption class=\"wp-element-caption\">\u00a9Solymar<\/figcaption><\/figure>\n\n\n\n<figure class=\"wp-block-image size-large\"><img loading=\"lazy\" decoding=\"async\" width=\"600\" height=\"450\" data-id=\"8176\" src=\"https:\/\/aktion-eichhoernchen.de\/wp_aktion\/wp-content\/uploads\/2024\/05\/0002700.jpeg\" alt=\"\" class=\"wp-image-8176\" srcset=\"https:\/\/aktion-eichhoernchen.de\/wp_aktion\/wp-content\/uploads\/2024\/05\/0002700.jpeg 600w, https:\/\/aktion-eichhoernchen.de\/wp_aktion\/wp-content\/uploads\/2024\/05\/0002700-300x225.jpeg 300w\" sizes=\"auto, (max-width: 600px) 100vw, 600px\" \/><figcaption class=\"wp-element-caption\">\u00a9Solymar<\/figcaption><\/figure>\n\n\n\n<figure class=\"wp-block-image size-large\"><img loading=\"lazy\" decoding=\"async\" width=\"600\" height=\"450\" data-id=\"8177\" src=\"https:\/\/aktion-eichhoernchen.de\/wp_aktion\/wp-content\/uploads\/2024\/05\/0002701.jpeg\" alt=\"\" class=\"wp-image-8177\" srcset=\"https:\/\/aktion-eichhoernchen.de\/wp_aktion\/wp-content\/uploads\/2024\/05\/0002701.jpeg 600w, https:\/\/aktion-eichhoernchen.de\/wp_aktion\/wp-content\/uploads\/2024\/05\/0002701-300x225.jpeg 300w\" sizes=\"auto, (max-width: 600px) 100vw, 600px\" \/><figcaption class=\"wp-element-caption\">\u00a9Solymar<\/figcaption><\/figure>\n<\/figure>\n\n\n\n<p>Danke an Solymar, die uns diese tollen Bilder zur Verf\u00fcgung gestellt hat.<\/p>\n\n\n\n<p>W\u00e4hrend des ersten Wurfes einer Eichkatze ist es durchaus m\u00f6glich, dass sie schon wieder bereits neuen Nachwuchs in sich tr\u00e4gt und damit versucht recht schnell ihren ersten Wurf in die mutterlose Freiheit zu entlassen. Meist tut sie das aber, indem sie selbst aus dem Kobel &#8222;auszieht&#8220;, so dass ihr Nachwuchs noch weiter den Kobel bewohnen kann und sich nicht sofort einen eigenen Kobel bauen muss. Man geht davon aus, bzw. hat dies auch beobachten k\u00f6nnen, dass die Jungtiere noch f\u00fcr ein paar Wochen eine &#8222;Lebens- und Wirtschaftsgemeinschaft&#8220; bilden und dann irgendwann nach und nach aus dem m\u00fctterlichen Kobel ausziehen und sich entweder eigene Kobel bauen und\/oder aufgrund des Gruppendrucks ein eigenes Revier suchen (m\u00fcssen). <\/p>\n\n\n\n<p>Den Kobelbau m\u00fcssen die Jungtiere selbst erst lernen, das geht dann nach dem Prinzip &#8222;Trial an Error&#8220;. Es gibt viele &#8222;angefangene&#8220; Kobel, die nicht zuende gebaut wurden, andererseits nehmen dann auch gerne unsere Singv\u00f6gel die nicht abgeschlossenen Kobel f\u00fcr sich in Anspruch und umgekehrt, Eichh\u00f6rnchen bauen auch mal gerne ein Vogelnest zum Kobel um. Abgesehen davon, dass die Jungtiere sich ohne die m\u00fctterliche F\u00fcrsorge alleine orientieren, Futterquellen erschlie\u00dfen, Gefahren von oben wie auch -insbesondere in Wohngebieten &#8211; stark befahrenen Stra\u00dfen meistern m\u00fcssen, hat ihnen niemand gezeigt, wie der Kobelbau funktioniert. Der Standort eines Kobels wird von erfahrenen H\u00f6rnchen immer in der N\u00e4he von weiteren B\u00e4umen gesucht, um eine m\u00f6glichst optimale Fluchtm\u00f6glichkeit zu bieten, exponierte Stellen werden vermieden. Au\u00dferdem spielt die N\u00e4he zu &#8222;Nahrungsb\u00e4umen&#8220; nat\u00fcrlich eine gro\u00dfe Rolle. Normalerweise werden Kobel an dickeren Astgabeln direkt an einem Stamm in einer H\u00f6he zwischen 3 und 15m gebaut. Der Boden des Kobel stellt dabei immer die Grundlage dar. Auf dieser Grundlage wird ein gew\u00f6lbter \u00dcberbau aus Zweigen, Bl\u00e4tter angelegt. Die Au\u00dfenh\u00fclle besteht also aus \u00c4sten, die sorgf\u00e4ltig miteinander verwoben werden. Die Eichh\u00f6rnchen versuchen immer das Baumaterial aus der n\u00e4heren Umgebung zu beschaffen, um den beschwerlichen, aber auch gef\u00e4hrlichen Transport (Unachtsamkeit!), m\u00f6glichst gering zu halten. Der Au\u00dfendurchmesser betr\u00e4gt zwischen 25 und 55 cm. Innen ist der Kobel mit Moos, Federn, Gras, Flechten, Distelwolle und \u00e4hnlichem gepolstert. Gebaut wird immer mit den Vorderpfoten und der Nase. Hier ist viel \u00dcbung n\u00f6tig, um die Zweige und Bestandteile so miteinander zu verflechten, dass sie auch St\u00fcrmen, Regen etc. Stand halten k\u00f6nnen, aber auch bei Minustemperaturen einen entsprechenden Wind- aber auch Sichtschutz bieten. Meist besitzen Kobel mehrere Ein- und Ausg\u00e4nge, so dass das Eichh\u00f6rnchen immer eine Fluchtm\u00f6glichkeit besitzt, wenn ein Feind, wie z.B. der Baummarder, direkt in den Kobel einbricht. Bei einer guten Bauqualit\u00e4t kann ein Kobel 1 bis 2 Jahreszeiten durchhalten. Jungtiere, insbesondere Eichkater, legen auf den Kobelbau geringeren Wert, beginnen des \u00f6fteren einen Kobel und bauen diesen nicht fertig, weil sie einen andern -vermeintlich besseren Standort &#8211; gefunden haben. <\/p>\n\n\n\n<figure class=\"wp-block-gallery has-nested-images columns-default is-cropped wp-block-gallery-3 is-layout-flex wp-block-gallery-is-layout-flex\">\n<figure class=\"wp-block-image size-large\"><img loading=\"lazy\" decoding=\"async\" width=\"600\" height=\"450\" data-id=\"6798\" src=\"https:\/\/aktion-eichhoernchen.de\/wp_aktion\/wp-content\/uploads\/2024\/02\/000211.jpg\" alt=\"\" class=\"wp-image-6798\" srcset=\"https:\/\/aktion-eichhoernchen.de\/wp_aktion\/wp-content\/uploads\/2024\/02\/000211.jpg 600w, https:\/\/aktion-eichhoernchen.de\/wp_aktion\/wp-content\/uploads\/2024\/02\/000211-300x225.jpg 300w\" sizes=\"auto, (max-width: 600px) 100vw, 600px\" \/><figcaption class=\"wp-element-caption\">&#8230; Geburtskobel &#8230;<\/figcaption><\/figure>\n<\/figure>\n\n\n\n<figure class=\"wp-block-gallery has-nested-images columns-default is-cropped wp-block-gallery-4 is-layout-flex wp-block-gallery-is-layout-flex\">\n<figure class=\"wp-block-image size-large\"><img loading=\"lazy\" decoding=\"async\" width=\"1024\" height=\"769\" data-id=\"8168\" src=\"https:\/\/aktion-eichhoernchen.de\/wp_aktion\/wp-content\/uploads\/2024\/05\/324095629_874634820479593_4951857346413078336_n-1024x769.jpg\" alt=\"\" class=\"wp-image-8168\" srcset=\"https:\/\/aktion-eichhoernchen.de\/wp_aktion\/wp-content\/uploads\/2024\/05\/324095629_874634820479593_4951857346413078336_n-1024x769.jpg 1024w, https:\/\/aktion-eichhoernchen.de\/wp_aktion\/wp-content\/uploads\/2024\/05\/324095629_874634820479593_4951857346413078336_n-300x225.jpg 300w, https:\/\/aktion-eichhoernchen.de\/wp_aktion\/wp-content\/uploads\/2024\/05\/324095629_874634820479593_4951857346413078336_n-768x577.jpg 768w, https:\/\/aktion-eichhoernchen.de\/wp_aktion\/wp-content\/uploads\/2024\/05\/324095629_874634820479593_4951857346413078336_n.jpg 1080w\" sizes=\"auto, (max-width: 1024px) 100vw, 1024px\" \/><figcaption class=\"wp-element-caption\">Geburtskobel<\/figcaption><\/figure>\n\n\n\n<figure class=\"wp-block-image size-large\"><img loading=\"lazy\" decoding=\"async\" width=\"500\" height=\"500\" data-id=\"8170\" src=\"https:\/\/aktion-eichhoernchen.de\/wp_aktion\/wp-content\/uploads\/2024\/05\/Kobel-2.jpg\" alt=\"\" class=\"wp-image-8170\" srcset=\"https:\/\/aktion-eichhoernchen.de\/wp_aktion\/wp-content\/uploads\/2024\/05\/Kobel-2.jpg 500w, https:\/\/aktion-eichhoernchen.de\/wp_aktion\/wp-content\/uploads\/2024\/05\/Kobel-2-300x300.jpg 300w, https:\/\/aktion-eichhoernchen.de\/wp_aktion\/wp-content\/uploads\/2024\/05\/Kobel-2-150x150.jpg 150w\" sizes=\"auto, (max-width: 500px) 100vw, 500px\" \/><figcaption class=\"wp-element-caption\">Sommerkobel<\/figcaption><\/figure>\n\n\n\n<figure class=\"wp-block-image size-large\"><img loading=\"lazy\" decoding=\"async\" width=\"342\" height=\"232\" data-id=\"8172\" src=\"https:\/\/aktion-eichhoernchen.de\/wp_aktion\/wp-content\/uploads\/2024\/05\/Tiere-im-Winter.jpg\" alt=\"\" class=\"wp-image-8172\" srcset=\"https:\/\/aktion-eichhoernchen.de\/wp_aktion\/wp-content\/uploads\/2024\/05\/Tiere-im-Winter.jpg 342w, https:\/\/aktion-eichhoernchen.de\/wp_aktion\/wp-content\/uploads\/2024\/05\/Tiere-im-Winter-300x204.jpg 300w\" sizes=\"auto, (max-width: 342px) 100vw, 342px\" \/><figcaption class=\"wp-element-caption\">Winterkobel<\/figcaption><\/figure>\n\n\n\n<figure class=\"wp-block-image size-large\"><img loading=\"lazy\" decoding=\"async\" width=\"721\" height=\"540\" data-id=\"8171\" src=\"https:\/\/aktion-eichhoernchen.de\/wp_aktion\/wp-content\/uploads\/2024\/05\/schlafende-Eichhoernchen-auf-der-Fensterbank.jpg\" alt=\"\" class=\"wp-image-8171\" srcset=\"https:\/\/aktion-eichhoernchen.de\/wp_aktion\/wp-content\/uploads\/2024\/05\/schlafende-Eichhoernchen-auf-der-Fensterbank.jpg 721w, https:\/\/aktion-eichhoernchen.de\/wp_aktion\/wp-content\/uploads\/2024\/05\/schlafende-Eichhoernchen-auf-der-Fensterbank-300x225.jpg 300w\" sizes=\"auto, (max-width: 721px) 100vw, 721px\" \/><figcaption class=\"wp-element-caption\">&#8230;  Kobel auf der Fensterbank &#8230;<\/figcaption><\/figure>\n\n\n\n<figure class=\"wp-block-image size-large\"><img loading=\"lazy\" decoding=\"async\" width=\"774\" height=\"1024\" data-id=\"8169\" src=\"https:\/\/aktion-eichhoernchen.de\/wp_aktion\/wp-content\/uploads\/2024\/05\/Eichhoernchenschaf.png\" alt=\"\" class=\"wp-image-8169\" srcset=\"https:\/\/aktion-eichhoernchen.de\/wp_aktion\/wp-content\/uploads\/2024\/05\/Eichhoernchenschaf.png 774w, https:\/\/aktion-eichhoernchen.de\/wp_aktion\/wp-content\/uploads\/2024\/05\/Eichhoernchenschaf-227x300.png 227w, https:\/\/aktion-eichhoernchen.de\/wp_aktion\/wp-content\/uploads\/2024\/05\/Eichhoernchenschaf-768x1016.png 768w\" sizes=\"auto, (max-width: 774px) 100vw, 774px\" \/><\/figure>\n<\/figure>\n\n\n\n<p>An der Art des Kobels kann man nat\u00fcrlich auch Unterschiede feststellen, es gibt Sommer-, Winter- und Geburtskobel, die sich in der Gr\u00f6\u00dfe, der D\u00e4mmung und der Auspolsterung unterscheiden. Bauzeit betr\u00e4gt zwischen 3 und 6 Tagen. Mitunter nutzen Eichh\u00f6rnchen zum Kobelbau bereits als Basis schon verlassene Vogelnester, aber auch Baumh\u00f6hlen, die z.B. von Spechten angelegt wurden. Jedes Eichh\u00f6rnchen unterh\u00e4lt immer mehrere Kobel, so dass durch Witterung verlorene Kobel immer noch ein &#8222;zu Hause&#8220; vorhanden ist. <br>Wenn sie nichts anderes finden, dann auch mal auf der Fensterbank, wenn die entsprechend wind- und wettergesch\u00fctzt ist und eine entsprechende Tiefe hat. Das Baumaterial holen sie sich mitunter auch von anderen &#8222;Haustieren&#8220;, auch Hundehaare, die beim Ausk\u00e4mmen anfallen, werden gerne abtransportiert. <\/p>\n\n\n\n<p>Unsere erneut tragende Eichkatze wird aber sp\u00e4testens zwischen dem 1. und 2. Wurf auch ihr Winterfell abwerfen, sonst wird es im Sommer definitiv zu warm f\u00fcr sie. Bei den zum Teil jetzt schon herrschenden Temperaturen und der Trockenheit ist es wichtig, dass wir unseren befellten und gefiederten Wildtieren flache Wasserschalen zur Verf\u00fcgung stellen. <\/p>\n\n\n<div class=\"wp-block-image\">\n<figure class=\"aligncenter size-full\"><img loading=\"lazy\" decoding=\"async\" width=\"993\" height=\"662\" src=\"https:\/\/aktion-eichhoernchen.de\/wp_aktion\/wp-content\/uploads\/2023\/12\/Trinkendes-Eichie.jpg\" alt=\"\" class=\"wp-image-6444\" srcset=\"https:\/\/aktion-eichhoernchen.de\/wp_aktion\/wp-content\/uploads\/2023\/12\/Trinkendes-Eichie.jpg 993w, https:\/\/aktion-eichhoernchen.de\/wp_aktion\/wp-content\/uploads\/2023\/12\/Trinkendes-Eichie-300x200.jpg 300w, https:\/\/aktion-eichhoernchen.de\/wp_aktion\/wp-content\/uploads\/2023\/12\/Trinkendes-Eichie-768x512.jpg 768w, https:\/\/aktion-eichhoernchen.de\/wp_aktion\/wp-content\/uploads\/2023\/12\/Trinkendes-Eichie-750x499.jpg 750w, https:\/\/aktion-eichhoernchen.de\/wp_aktion\/wp-content\/uploads\/2023\/12\/Trinkendes-Eichie-360x240.jpg 360w\" sizes=\"auto, (max-width: 993px) 100vw, 993px\" \/><\/figure>\n<\/div>\n\n\n<p>Danke, an alle, die die M\u00f6glichkeit dazu haben und sie nutzen!<\/p>\n","protected":false},"excerpt":{"rendered":"<p>Die Eichkater haben bei Ihren Streifz\u00fcgen bestimmt noch die ein oder andere Eichkatze in ihr Herz geschlossen und haben mit ihrem Paarungsverhalten, das wir in den Vormonaten beschrieben haben, bestimmt <a class=\"more-link\" href=\"https:\/\/aktion-eichhoernchen.de\/wp_aktion\/?page_id=8166\">Continue Reading &rarr;<\/a><\/p>\n","protected":false},"author":1,"featured_media":0,"parent":0,"menu_order":0,"comment_status":"closed","ping_status":"closed","template":"","meta":{"footnotes":""},"class_list":["post-8166","page","type-page","status-publish","hentry"],"_links":{"self":[{"href":"https:\/\/aktion-eichhoernchen.de\/wp_aktion\/index.php?rest_route=\/wp\/v2\/pages\/8166","targetHints":{"allow":["GET"]}}],"collection":[{"href":"https:\/\/aktion-eichhoernchen.de\/wp_aktion\/index.php?rest_route=\/wp\/v2\/pages"}],"about":[{"href":"https:\/\/aktion-eichhoernchen.de\/wp_aktion\/index.php?rest_route=\/wp\/v2\/types\/page"}],"author":[{"embeddable":true,"href":"https:\/\/aktion-eichhoernchen.de\/wp_aktion\/index.php?rest_route=\/wp\/v2\/users\/1"}],"replies":[{"embeddable":true,"href":"https:\/\/aktion-eichhoernchen.de\/wp_aktion\/index.php?rest_route=%2Fwp%2Fv2%2Fcomments&post=8166"}],"version-history":[{"count":2,"href":"https:\/\/aktion-eichhoernchen.de\/wp_aktion\/index.php?rest_route=\/wp\/v2\/pages\/8166\/revisions"}],"predecessor-version":[{"id":8178,"href":"https:\/\/aktion-eichhoernchen.de\/wp_aktion\/index.php?rest_route=\/wp\/v2\/pages\/8166\/revisions\/8178"}],"wp:attachment":[{"href":"https:\/\/aktion-eichhoernchen.de\/wp_aktion\/index.php?rest_route=%2Fwp%2Fv2%2Fmedia&parent=8166"}],"curies":[{"name":"wp","href":"https:\/\/api.w.org\/{rel}","templated":true}]}}