{"id":7771,"date":"2024-04-23T11:54:08","date_gmt":"2024-04-23T11:54:08","guid":{"rendered":"https:\/\/aktion-eichhoernchen.de\/wp_aktion\/?page_id=7771"},"modified":"2026-04-25T05:54:34","modified_gmt":"2026-04-25T05:54:34","slug":"05-eichhoernchen-im-mai","status":"publish","type":"page","link":"https:\/\/aktion-eichhoernchen.de\/wp_aktion\/?page_id=7771","title":{"rendered":"05 &#8211; Eichh\u00f6rnchen im Mai"},"content":{"rendered":"\n<p>W\u00e4hrend die Eichkater ihren Fellwechsel schon so gut wie \u00fcberstanden haben und nach den n\u00e4chsten paarungswilligen Eichkatzen Ausschau halten, wird es f\u00fcr die Eichh\u00f6rnchenmama langsam leichter.<\/p>\n\n\n\n<p>Gestresst von der Aufzucht kann sie ihren Nachwuchs immer \u00f6fters und l\u00e4nger alleine lassen. Nichtsdestotrotz k\u00f6nnen die kleinen Eichh\u00f6rnchen die Gefahren durch Wildv\u00f6gel und andere Fressfeinde noch nicht einsch\u00e4tzen, in ihrem Toben und Spielen mit den Geschwistern sind sie unachtsam, das k\u00f6nnen sich unsere P\u00e4ppelh\u00f6rnchen nat\u00fcrlich erlauben, tun sie aber trotzdem nicht. Sobald sie ein ungewohntes Ger\u00e4usch h\u00f6ren, verfallen sie in &#8222;Schockstarre&#8220; (Freezing) und warten erst mal ab, was passiert. Der ein oder andere fl\u00fcchtet sofort an eine gesch\u00fctzte Stelle.<\/p>\n\n\n\n<figure class=\"wp-block-gallery has-nested-images columns-default is-cropped wp-block-gallery-2 is-layout-flex wp-block-gallery-is-layout-flex\">\n<figure class=\"wp-block-image size-large\"><a href=\"https:\/\/aktion-eichhoernchen.de\/wp_aktion\/wp-content\/uploads\/2024\/04\/0001785-1.jpg\" target=\"_blank\" rel=\"noopener\"><img loading=\"lazy\" decoding=\"async\" width=\"600\" height=\"400\" data-id=\"7773\" src=\"https:\/\/aktion-eichhoernchen.de\/wp_aktion\/wp-content\/uploads\/2024\/04\/0001785-1.jpg\" alt=\"\" class=\"wp-image-7773\" srcset=\"https:\/\/aktion-eichhoernchen.de\/wp_aktion\/wp-content\/uploads\/2024\/04\/0001785-1.jpg 600w, https:\/\/aktion-eichhoernchen.de\/wp_aktion\/wp-content\/uploads\/2024\/04\/0001785-1-300x200.jpg 300w, https:\/\/aktion-eichhoernchen.de\/wp_aktion\/wp-content\/uploads\/2024\/04\/0001785-1-360x240.jpg 360w\" sizes=\"auto, (max-width: 600px) 100vw, 600px\" \/><\/a><\/figure>\n\n\n\n<figure class=\"wp-block-image size-large\"><a href=\"https:\/\/aktion-eichhoernchen.de\/wp_aktion\/wp-content\/uploads\/2024\/04\/0001786.jpg\" target=\"_blank\" rel=\"noopener\"><img loading=\"lazy\" decoding=\"async\" width=\"600\" height=\"400\" data-id=\"7774\" src=\"https:\/\/aktion-eichhoernchen.de\/wp_aktion\/wp-content\/uploads\/2024\/04\/0001786.jpg\" alt=\"\" class=\"wp-image-7774\" srcset=\"https:\/\/aktion-eichhoernchen.de\/wp_aktion\/wp-content\/uploads\/2024\/04\/0001786.jpg 600w, https:\/\/aktion-eichhoernchen.de\/wp_aktion\/wp-content\/uploads\/2024\/04\/0001786-300x200.jpg 300w, https:\/\/aktion-eichhoernchen.de\/wp_aktion\/wp-content\/uploads\/2024\/04\/0001786-360x240.jpg 360w\" sizes=\"auto, (max-width: 600px) 100vw, 600px\" \/><\/a><\/figure>\n\n\n\n<figure class=\"wp-block-image size-large\"><a href=\"https:\/\/aktion-eichhoernchen.de\/wp_aktion\/wp-content\/uploads\/2024\/04\/0001787.jpg\" target=\"_blank\" rel=\"noopener\"><img loading=\"lazy\" decoding=\"async\" width=\"600\" height=\"400\" data-id=\"7775\" src=\"https:\/\/aktion-eichhoernchen.de\/wp_aktion\/wp-content\/uploads\/2024\/04\/0001787.jpg\" alt=\"\" class=\"wp-image-7775\" srcset=\"https:\/\/aktion-eichhoernchen.de\/wp_aktion\/wp-content\/uploads\/2024\/04\/0001787.jpg 600w, https:\/\/aktion-eichhoernchen.de\/wp_aktion\/wp-content\/uploads\/2024\/04\/0001787-300x200.jpg 300w, https:\/\/aktion-eichhoernchen.de\/wp_aktion\/wp-content\/uploads\/2024\/04\/0001787-360x240.jpg 360w\" sizes=\"auto, (max-width: 600px) 100vw, 600px\" \/><\/a><\/figure>\n\n\n\n<figure class=\"wp-block-image size-large\"><a href=\"https:\/\/aktion-eichhoernchen.de\/wp_aktion\/wp-content\/uploads\/2024\/04\/0001788.jpg\" target=\"_blank\" rel=\"noopener\"><img loading=\"lazy\" decoding=\"async\" width=\"600\" height=\"400\" data-id=\"7776\" src=\"https:\/\/aktion-eichhoernchen.de\/wp_aktion\/wp-content\/uploads\/2024\/04\/0001788.jpg\" alt=\"\" class=\"wp-image-7776\" srcset=\"https:\/\/aktion-eichhoernchen.de\/wp_aktion\/wp-content\/uploads\/2024\/04\/0001788.jpg 600w, https:\/\/aktion-eichhoernchen.de\/wp_aktion\/wp-content\/uploads\/2024\/04\/0001788-300x200.jpg 300w, https:\/\/aktion-eichhoernchen.de\/wp_aktion\/wp-content\/uploads\/2024\/04\/0001788-360x240.jpg 360w\" sizes=\"auto, (max-width: 600px) 100vw, 600px\" \/><\/a><\/figure>\n\n\n\n<figure class=\"wp-block-image size-large\"><a href=\"https:\/\/aktion-eichhoernchen.de\/wp_aktion\/wp-content\/uploads\/2024\/04\/0001789.jpg\" target=\"_blank\" rel=\"noopener\"><img loading=\"lazy\" decoding=\"async\" width=\"600\" height=\"400\" data-id=\"7777\" src=\"https:\/\/aktion-eichhoernchen.de\/wp_aktion\/wp-content\/uploads\/2024\/04\/0001789.jpg\" alt=\"\" class=\"wp-image-7777\" srcset=\"https:\/\/aktion-eichhoernchen.de\/wp_aktion\/wp-content\/uploads\/2024\/04\/0001789.jpg 600w, https:\/\/aktion-eichhoernchen.de\/wp_aktion\/wp-content\/uploads\/2024\/04\/0001789-300x200.jpg 300w, https:\/\/aktion-eichhoernchen.de\/wp_aktion\/wp-content\/uploads\/2024\/04\/0001789-360x240.jpg 360w\" sizes=\"auto, (max-width: 600px) 100vw, 600px\" \/><\/a><\/figure>\n\n\n\n<figure class=\"wp-block-image size-large\"><a href=\"https:\/\/aktion-eichhoernchen.de\/wp_aktion\/wp-content\/uploads\/2024\/04\/0001792.jpg\" target=\"_blank\" rel=\"noopener\"><img loading=\"lazy\" decoding=\"async\" width=\"600\" height=\"423\" data-id=\"7778\" src=\"https:\/\/aktion-eichhoernchen.de\/wp_aktion\/wp-content\/uploads\/2024\/04\/0001792.jpg\" alt=\"\" class=\"wp-image-7778\" srcset=\"https:\/\/aktion-eichhoernchen.de\/wp_aktion\/wp-content\/uploads\/2024\/04\/0001792.jpg 600w, https:\/\/aktion-eichhoernchen.de\/wp_aktion\/wp-content\/uploads\/2024\/04\/0001792-300x212.jpg 300w\" sizes=\"auto, (max-width: 600px) 100vw, 600px\" \/><\/a><\/figure>\n<\/figure>\n\n\n\n<p>Je nach Lage des Kobels sind auch Abst\u00fcrze nicht ausgeschlossen. Man sch\u00e4tzt ca. 80% der Eichh\u00f6rnchen \u00fcberlebt das erste Lebensjahr nicht. Das ist eine gewaltige, traurige Menge.<\/p>\n\n\n\n<p>H\u00e4ufig sieht man jetzt Eichh\u00f6rnchenm\u00fctter mit ihrem Nachwuchs erste Ausfl\u00fcge machen:<\/p>\n\n\n\n<figure class=\"wp-block-image size-full\"><img loading=\"lazy\" decoding=\"async\" width=\"960\" height=\"540\" src=\"https:\/\/aktion-eichhoernchen.de\/wp_aktion\/wp-content\/uploads\/2024\/04\/Petra-Schulz.jpeg\" alt=\"\" class=\"wp-image-7779\" srcset=\"https:\/\/aktion-eichhoernchen.de\/wp_aktion\/wp-content\/uploads\/2024\/04\/Petra-Schulz.jpeg 960w, https:\/\/aktion-eichhoernchen.de\/wp_aktion\/wp-content\/uploads\/2024\/04\/Petra-Schulz-300x169.jpeg 300w, https:\/\/aktion-eichhoernchen.de\/wp_aktion\/wp-content\/uploads\/2024\/04\/Petra-Schulz-768x432.jpeg 768w\" sizes=\"auto, (max-width: 960px) 100vw, 960px\" \/><figcaption class=\"wp-element-caption\">\u00a9 Petra Schulz.<\/figcaption><\/figure>\n\n\n\n<p>Bei diesen Ausfl\u00fcgen geht das ein oder andere Kind verloren. Wenn sie schnell gefunden werden, oder selbst Hilfe beim Menschen suchen, haben sie eine Chance. Dieses Jahr haben wir unheimlich viele solcher &#8222;NL-H\u00f6rnchen (\u00fcbersetzt Nachl\u00e4uferh\u00f6rnchen). Ihre Mama ist nicht mehr in Sicht, zum alleine &#8222;\u00dcberleben&#8220; sind sie einfach noch nicht f\u00e4hig. Bevor die Findlinge in eine Station aufgenommen werden, wird versucht die Mutter an Ort und Stelle noch mal mit einem Babyrufton von Eichh\u00f6rnchen anzulocken. Mal funktioniert es, meistens leider nicht.<\/p>\n\n\n\n<p>Ab und zu, wird der Nachwuchs wieder -mit Hilfe der Tragestarre- in den Kobel zur\u00fccktransportiert. Die Leistung, die die Eichh\u00f6rnchenmamas dabei erbringen, die Hindernisse, die sie dabei \u00fcberwinden und sogar mit dem Nachwuchs &#8222;springen&#8220;, sind wirklich erstaunlich, mitunter transportieren sie hier bis zur H\u00e4lfte ihres eigenen K\u00f6rpergewichtes.<\/p>\n\n\n<div class=\"wp-block-image\">\n<figure class=\"aligncenter size-full\"><img loading=\"lazy\" decoding=\"async\" width=\"600\" height=\"450\" src=\"https:\/\/aktion-eichhoernchen.de\/wp_aktion\/wp-content\/uploads\/2024\/02\/000131-1.jpg\" alt=\"\" class=\"wp-image-7051\" srcset=\"https:\/\/aktion-eichhoernchen.de\/wp_aktion\/wp-content\/uploads\/2024\/02\/000131-1.jpg 600w, https:\/\/aktion-eichhoernchen.de\/wp_aktion\/wp-content\/uploads\/2024\/02\/000131-1-300x225.jpg 300w\" sizes=\"auto, (max-width: 600px) 100vw, 600px\" \/><figcaption class=\"wp-element-caption\">\u00a9 Wikipedia<\/figcaption><\/figure>\n<\/div>\n\n\n<p>Im Internet gibt es dazu jede Menge Videos. Der Nachwuchs selbst hingegen sieht quasi schon aus wie Eichh\u00f6rnchen, nur im Kleinformat, d.h. sie m\u00fcssen ab diesem Zeitpunkt nur noch &#8222;wachsen&#8220; und an Gewicht zulegen, sie sind ausgereift.<\/p>\n\n\n\n<p>In den n\u00e4chsten Wochen geht es darum Techniken zu lernen, wie z.B. Sonnenblumenkerne ge\u00f6ffnet, Waln\u00fcsse in den Vorderpfoten &#8222;zurechtgedreht&#8220; werden m\u00fcssen, damit sie mit den verschiebbaren unteren Schneidez\u00e4hne geknackt werden k\u00f6nnen. Im Gegensatz zum Gebiss von anderen Nagetieren verf\u00fcgen Eichh\u00f6rnchen \u00fcber eine Besonderheit. Die unteren Schneidez\u00e4hne sind &#8222;wie auf einer Schiene&#8220; verschiebbar, k\u00f6nnen also \u00fcber Muskeln\/B\u00e4nder auseinander und wieder zusammengezogen werden. Damit sind sie in der Lage, auch sehr harte N\u00fcsse, wie z.B. Waln\u00fcsse, nicht nur aufzunagen, sondern quasi zu &#8222;sprengen&#8220;. Das ist nat\u00fcrlich eine wesentlich schnellere Variante als z.B. M\u00e4use und Degus, die sich m\u00fchsam durch die Schale nagen m\u00fcssen. Aber auch das wissen die Eichh\u00f6rnchen nur &#8222;intuitiv&#8220;, wie auch z.B. wie und wo man N\u00fcsse versteckt. Die genaue Handhabung und ihre Landkarte im Kopf m\u00fcssen sie erlernen und vor allem \u00fcben. Auch das \u00d6ffnen von Sonnenblumenkernen ist nicht so einfach, wie man sich das vielleicht vorstellt. Kohl- und Blaumeisen halten einen Sonnenblumenkern mit einer Kralle fest und hacken dann die H\u00fclle auf. Eichh\u00f6rnchen m\u00fcssen den kleinen Sonnenblumenkern mit ihrem Stummeldaumen festhalten, drehen und dann an der L\u00e4ngsseite einen Streifen abknabbern. Wer einmal Sonnenblumenkerne mit den &#8222;menschlichen H\u00e4nden&#8220; und menschlichen Gebiss&#8220; versucht hat zu \u00f6ffnen, merkt selbst, das das nicht so einfach ist, aber mit ein bisschen \u00dcbung gelingt uns das auch :-). <\/p>\n\n\n\n<figure class=\"wp-block-gallery has-nested-images columns-default is-cropped wp-block-gallery-3 is-layout-flex wp-block-gallery-is-layout-flex\">\n<figure class=\"wp-block-image size-large\"><a href=\"https:\/\/aktion-eichhoernchen.de\/wp_aktion\/wp-content\/uploads\/2024\/04\/0001785-2.jpg\" target=\"_blank\" rel=\"noopener\"><img loading=\"lazy\" decoding=\"async\" width=\"600\" height=\"400\" data-id=\"7780\" src=\"https:\/\/aktion-eichhoernchen.de\/wp_aktion\/wp-content\/uploads\/2024\/04\/0001785-2.jpg\" alt=\"\" class=\"wp-image-7780\" srcset=\"https:\/\/aktion-eichhoernchen.de\/wp_aktion\/wp-content\/uploads\/2024\/04\/0001785-2.jpg 600w, https:\/\/aktion-eichhoernchen.de\/wp_aktion\/wp-content\/uploads\/2024\/04\/0001785-2-300x200.jpg 300w, https:\/\/aktion-eichhoernchen.de\/wp_aktion\/wp-content\/uploads\/2024\/04\/0001785-2-360x240.jpg 360w\" sizes=\"auto, (max-width: 600px) 100vw, 600px\" \/><\/a><\/figure>\n\n\n\n<figure class=\"wp-block-image size-large\"><a href=\"https:\/\/aktion-eichhoernchen.de\/wp_aktion\/wp-content\/uploads\/2024\/04\/0001786-1.jpg\" target=\"_blank\" rel=\"noopener\"><img loading=\"lazy\" decoding=\"async\" width=\"600\" height=\"400\" data-id=\"7781\" src=\"https:\/\/aktion-eichhoernchen.de\/wp_aktion\/wp-content\/uploads\/2024\/04\/0001786-1.jpg\" alt=\"\" class=\"wp-image-7781\" srcset=\"https:\/\/aktion-eichhoernchen.de\/wp_aktion\/wp-content\/uploads\/2024\/04\/0001786-1.jpg 600w, https:\/\/aktion-eichhoernchen.de\/wp_aktion\/wp-content\/uploads\/2024\/04\/0001786-1-300x200.jpg 300w, https:\/\/aktion-eichhoernchen.de\/wp_aktion\/wp-content\/uploads\/2024\/04\/0001786-1-360x240.jpg 360w\" sizes=\"auto, (max-width: 600px) 100vw, 600px\" \/><\/a><\/figure>\n<\/figure>\n\n\n\n<p>Auch die Tannenzapfensamen sind ein sehr beliebtes Futter, das es zu Erschlie\u00dfen gilt. Das Eichh\u00f6rnchen f\u00e4ngt an der Basis des Zapfens an und zieht dann &#8211; w\u00e4hrend der Zapfen best\u00e4ndig gedreht wird &#8211; nach und nach die Schuppen einzeln ab, um an den begehrten Samen zu kommen. <\/p>\n\n\n<div class=\"wp-block-image\">\n<figure class=\"aligncenter size-full\"><img loading=\"lazy\" decoding=\"async\" width=\"600\" height=\"400\" src=\"https:\/\/aktion-eichhoernchen.de\/wp_aktion\/wp-content\/uploads\/2024\/09\/0005532.jpg\" alt=\"\" class=\"wp-image-9471\" srcset=\"https:\/\/aktion-eichhoernchen.de\/wp_aktion\/wp-content\/uploads\/2024\/09\/0005532.jpg 600w, https:\/\/aktion-eichhoernchen.de\/wp_aktion\/wp-content\/uploads\/2024\/09\/0005532-300x200.jpg 300w, https:\/\/aktion-eichhoernchen.de\/wp_aktion\/wp-content\/uploads\/2024\/09\/0005532-360x240.jpg 360w\" sizes=\"auto, (max-width: 600px) 100vw, 600px\" \/><\/figure>\n<\/div>\n\n\n<p>Au\u00dferdem lernen sie im Beisein der Mam, welche Pflanzen genie\u00dfbar und wohlschmeckend sind, aber auch, z.B. zu beurteilen, welche Waln\u00fcsse &#8222;gef\u00fcllt&#8220; sind und f\u00fcr welche es sich nicht lohnt \u00fcberhaupt zu nagen. Eichh\u00f6rnchen sch\u00e4tzen beim &#8222;Drehen&#8220; der N\u00fcsse in den Vorderpfoten das Gewicht der Nuss ab. Ist sie zu leicht, fangen sie erst gar nicht an zu nagen, das w\u00e4re Zeit- und Energieverschwendung.<\/p>\n\n\n\n<figure class=\"wp-block-image size-full\"><img loading=\"lazy\" decoding=\"async\" width=\"800\" height=\"533\" src=\"https:\/\/aktion-eichhoernchen.de\/wp_aktion\/wp-content\/uploads\/2021\/01\/MPGGG_0453.jpg\" alt=\"\" class=\"wp-image-569\" srcset=\"https:\/\/aktion-eichhoernchen.de\/wp_aktion\/wp-content\/uploads\/2021\/01\/MPGGG_0453.jpg 800w, https:\/\/aktion-eichhoernchen.de\/wp_aktion\/wp-content\/uploads\/2021\/01\/MPGGG_0453-300x200.jpg 300w, https:\/\/aktion-eichhoernchen.de\/wp_aktion\/wp-content\/uploads\/2021\/01\/MPGGG_0453-768x512.jpg 768w, https:\/\/aktion-eichhoernchen.de\/wp_aktion\/wp-content\/uploads\/2021\/01\/MPGGG_0453-750x499.jpg 750w, https:\/\/aktion-eichhoernchen.de\/wp_aktion\/wp-content\/uploads\/2021\/01\/MPGGG_0453-360x240.jpg 360w\" sizes=\"auto, (max-width: 800px) 100vw, 800px\" \/><\/figure>\n\n\n\n<p>Wer sich jetzt fragt, wie handgep\u00e4ppelte Eichh\u00f6rnchen das alles lernen, dem sei nur gesagt: &#8222;Versuch und Irrtum&#8220;. Die Handaufzuchten brauchen vermutlich dazu etwas &#8222;l\u00e4nger&#8220; als freilebende Tiere, die von der Mama betreut werden, haben mehr Fehlversuche, aber im Endeffekt lernen sie das auch durch ihr &#8222;Wissen&#8220;, das ihnen genetisch in den Kobel gelegt wurde. Und nein, wir &#8211; als P\u00e4ppelstelle &#8211; k\u00f6nnen ihnen das nicht vormachen, dann w\u00e4ren wir permanent beim Zahnarzt &#8230;<\/p>\n","protected":false},"excerpt":{"rendered":"<p>W\u00e4hrend die Eichkater ihren Fellwechsel schon so gut wie \u00fcberstanden haben und nach den n\u00e4chsten paarungswilligen Eichkatzen Ausschau halten, wird es f\u00fcr die Eichh\u00f6rnchenmama langsam leichter. Gestresst von der Aufzucht <a class=\"more-link\" href=\"https:\/\/aktion-eichhoernchen.de\/wp_aktion\/?page_id=7771\">Continue Reading &rarr;<\/a><\/p>\n","protected":false},"author":1,"featured_media":0,"parent":0,"menu_order":0,"comment_status":"closed","ping_status":"closed","template":"","meta":{"footnotes":""},"class_list":["post-7771","page","type-page","status-publish","hentry"],"_links":{"self":[{"href":"https:\/\/aktion-eichhoernchen.de\/wp_aktion\/index.php?rest_route=\/wp\/v2\/pages\/7771","targetHints":{"allow":["GET"]}}],"collection":[{"href":"https:\/\/aktion-eichhoernchen.de\/wp_aktion\/index.php?rest_route=\/wp\/v2\/pages"}],"about":[{"href":"https:\/\/aktion-eichhoernchen.de\/wp_aktion\/index.php?rest_route=\/wp\/v2\/types\/page"}],"author":[{"embeddable":true,"href":"https:\/\/aktion-eichhoernchen.de\/wp_aktion\/index.php?rest_route=\/wp\/v2\/users\/1"}],"replies":[{"embeddable":true,"href":"https:\/\/aktion-eichhoernchen.de\/wp_aktion\/index.php?rest_route=%2Fwp%2Fv2%2Fcomments&post=7771"}],"version-history":[{"count":5,"href":"https:\/\/aktion-eichhoernchen.de\/wp_aktion\/index.php?rest_route=\/wp\/v2\/pages\/7771\/revisions"}],"predecessor-version":[{"id":13218,"href":"https:\/\/aktion-eichhoernchen.de\/wp_aktion\/index.php?rest_route=\/wp\/v2\/pages\/7771\/revisions\/13218"}],"wp:attachment":[{"href":"https:\/\/aktion-eichhoernchen.de\/wp_aktion\/index.php?rest_route=%2Fwp%2Fv2%2Fmedia&parent=7771"}],"curies":[{"name":"wp","href":"https:\/\/api.w.org\/{rel}","templated":true}]}}