{"id":7415,"date":"2024-03-31T10:10:53","date_gmt":"2024-03-31T10:10:53","guid":{"rendered":"https:\/\/aktion-eichhoernchen.de\/wp_aktion\/?page_id=7415"},"modified":"2026-04-08T15:11:33","modified_gmt":"2026-04-08T15:11:33","slug":"04-eichhoernchen-im-april","status":"publish","type":"page","link":"https:\/\/aktion-eichhoernchen.de\/wp_aktion\/?page_id=7415","title":{"rendered":"04 &#8211; Eichh\u00f6rnchen im April"},"content":{"rendered":"\n<p>Die Eichkater befinden sich schon im Fr\u00fchjahrsfellwechsel, der ca. 6 Wochen dauert. Das dichte Unterfell f\u00e4llt aus und das neue Fell beginnt am Kopf mit der Nase, um die Augen, an den Wangen, der Stirn, den Ohren (hier fallen die Ohrp\u00fcschel) und eventuell gleichzeitig an H\u00e4nden und F\u00fc\u00dfen nachzuwachsen. Danach folgen die Schultern, der R\u00fccken und es geht weiter \u00fcber die Flanken bis zur K\u00f6rperunterseite. Die Bauchseite ist immer heller als der restliche K\u00f6rper, denn es dient der Tarnung: von oben gesehen tarnt dunkles Fell das Tier auf dunklen Rinden, von unten gesehen verschmilzt die helle Bauchseite gegen den Himmel. Die Schwanzhaare wechseln im Fr\u00fchjahr \u00fcberhaupt nicht. Die Bildung des Haarkleides verbraucht sehr viel Energie, insbesondere Proteine und die gibt es in der Natur nat\u00fcrlich weniger als z.B. Kohlenhydrate.<\/p>\n\n\n\n<figure class=\"wp-block-gallery has-nested-images columns-default is-cropped wp-block-gallery-2 is-layout-flex wp-block-gallery-is-layout-flex\">\n<figure class=\"wp-block-image size-large\"><img loading=\"lazy\" decoding=\"async\" width=\"656\" height=\"438\" data-id=\"7417\" src=\"https:\/\/aktion-eichhoernchen.de\/wp_aktion\/wp-content\/uploads\/2024\/03\/Bild1.jpg\" alt=\"\" class=\"wp-image-7417\" srcset=\"https:\/\/aktion-eichhoernchen.de\/wp_aktion\/wp-content\/uploads\/2024\/03\/Bild1.jpg 656w, https:\/\/aktion-eichhoernchen.de\/wp_aktion\/wp-content\/uploads\/2024\/03\/Bild1-300x200.jpg 300w, https:\/\/aktion-eichhoernchen.de\/wp_aktion\/wp-content\/uploads\/2024\/03\/Bild1-360x240.jpg 360w\" sizes=\"auto, (max-width: 656px) 100vw, 656px\" \/><figcaption class=\"wp-element-caption\">Maxi im Fellwechsel<\/figcaption><\/figure>\n\n\n\n<figure class=\"wp-block-image size-large\"><img loading=\"lazy\" decoding=\"async\" width=\"562\" height=\"488\" data-id=\"7418\" src=\"https:\/\/aktion-eichhoernchen.de\/wp_aktion\/wp-content\/uploads\/2024\/03\/Fellwechsel.jpg\" alt=\"\" class=\"wp-image-7418\" srcset=\"https:\/\/aktion-eichhoernchen.de\/wp_aktion\/wp-content\/uploads\/2024\/03\/Fellwechsel.jpg 562w, https:\/\/aktion-eichhoernchen.de\/wp_aktion\/wp-content\/uploads\/2024\/03\/Fellwechsel-300x260.jpg 300w\" sizes=\"auto, (max-width: 562px) 100vw, 562px\" \/><figcaption class=\"wp-element-caption\">Lilly im Fellwechsel<\/figcaption><\/figure>\n<\/figure>\n\n\n\n<p>Die Eichkatzen wechseln &#8211; sofern sie Nachwuchs aufziehen &#8211; erst nach dem Fr\u00fchjahrswurf. Die Eichh\u00f6rnchenkinder wachsen derweil in rasantem Tempo weiter. In der 3 Woche brechen die unteren Schneidez\u00e4hne durch; Kopf, Schultern und R\u00fccken werden so langsam auch behaart, aber Augen und Ohren sind noch geschlossen. Im Kobel selbst kann es jetzt schon mal etwas lauter werden, denn da wird schon ein bisschen gefaucht und um den besten Platz an den Zitzen gestritten. Unklar ist, ob Eichh\u00f6rnchen nach ein paar Tagen immer die gleiche Zitze anstreben, da streiten sich Meinungen. Die H\u00f6rnchen verschlafen noch den ganzen Tag und sind quasi nur zur F\u00fctterung &#8222;wach&#8220;, was man halt so wach nennt. In der Zwischenzeit k\u00e4mpft die Eichh\u00f6rnchenmama weiterhin darum gen\u00fcgend Futter zu finden, was mitunter immer schwieriger wird. Die verbuddelten Nussvorr\u00e4te sind ev. schon aufgebraucht, nicht mehr brauchbar oder von andern Nagetieren und V\u00f6geln bereits ausgebuddelt, ansonsten gibt es noch die restlichen Tannenzapfen und nat\u00fcrlich frische Knospenzweige. N\u00fcsse, Fr\u00fcchte etc. sind um diese Jahreszeit rar. Da lohnt es sich, mal ein Vogelh\u00e4uschen zu pl\u00fcndern. Zudem gibt es ja auch andere Tiere, die ebenfalls mit den Nachk\u00f6mmlingen besch\u00e4ftigt sind.<\/p>\n\n\n<div class=\"wp-block-image\">\n<figure class=\"aligncenter size-full\"><img loading=\"lazy\" decoding=\"async\" width=\"600\" height=\"400\" src=\"https:\/\/aktion-eichhoernchen.de\/wp_aktion\/wp-content\/uploads\/2024\/02\/0007.jpg\" alt=\"\" class=\"wp-image-6837\" srcset=\"https:\/\/aktion-eichhoernchen.de\/wp_aktion\/wp-content\/uploads\/2024\/02\/0007.jpg 600w, https:\/\/aktion-eichhoernchen.de\/wp_aktion\/wp-content\/uploads\/2024\/02\/0007-300x200.jpg 300w, https:\/\/aktion-eichhoernchen.de\/wp_aktion\/wp-content\/uploads\/2024\/02\/0007-360x240.jpg 360w\" sizes=\"auto, (max-width: 600px) 100vw, 600px\" \/><\/figure>\n<\/div>\n\n\n<p><br>In der 4 Lebenswoche wachsen am ganzen K\u00f6rper nur das Fell, an Bauch und Beine beginnt sich das helle Fell anzudeuten. Nach 28-35 Tagen stellen sich die Ohren auf und die Augen \u00f6ffnen sich. Die Schwanzhaare liegen noch ganz glatt an. Die Tiere werden immer schreckhafter, beginnen aber gleichzeitig auch das Nest zu erkunden.<\/p>\n\n\n<div class=\"wp-block-image\">\n<figure class=\"aligncenter size-full\"><img loading=\"lazy\" decoding=\"async\" width=\"600\" height=\"400\" src=\"https:\/\/aktion-eichhoernchen.de\/wp_aktion\/wp-content\/uploads\/2024\/02\/0006.jpg\" alt=\"\" class=\"wp-image-6836\" srcset=\"https:\/\/aktion-eichhoernchen.de\/wp_aktion\/wp-content\/uploads\/2024\/02\/0006.jpg 600w, https:\/\/aktion-eichhoernchen.de\/wp_aktion\/wp-content\/uploads\/2024\/02\/0006-300x200.jpg 300w, https:\/\/aktion-eichhoernchen.de\/wp_aktion\/wp-content\/uploads\/2024\/02\/0006-360x240.jpg 360w\" sizes=\"auto, (max-width: 600px) 100vw, 600px\" \/><\/figure>\n<\/div>\n\n\n<p>So richtig laufen k\u00f6nnen sie nat\u00fcrlich nicht, der Bauch schleift noch gern auf dem Boden. Es sieht eher so aus, als w\u00fcrden sie wie ein Waran laufen. Mit 5-6 Wochen beginnen die oberen Schneidez\u00e4hne an durchzubrechen, die Schwanzhaare liegen aber immer noch glatt an; das H\u00f6rnchen beginnt sich aufrecht zu halten, versucht sich zu putzen und die Wachphasen werden immer l\u00e4nger.<\/p>\n\n\n<div class=\"wp-block-image\">\n<figure class=\"aligncenter size-full\"><img loading=\"lazy\" decoding=\"async\" width=\"600\" height=\"400\" src=\"https:\/\/aktion-eichhoernchen.de\/wp_aktion\/wp-content\/uploads\/2024\/02\/0005.jpg\" alt=\"\" class=\"wp-image-6835\" srcset=\"https:\/\/aktion-eichhoernchen.de\/wp_aktion\/wp-content\/uploads\/2024\/02\/0005.jpg 600w, https:\/\/aktion-eichhoernchen.de\/wp_aktion\/wp-content\/uploads\/2024\/02\/0005-300x200.jpg 300w, https:\/\/aktion-eichhoernchen.de\/wp_aktion\/wp-content\/uploads\/2024\/02\/0005-360x240.jpg 360w\" sizes=\"auto, (max-width: 600px) 100vw, 600px\" \/><\/figure>\n<\/div>\n\n\n<p>Auch wenn die N\u00e4chte noch kalt sind, so w\u00e4rmen doch schon die ersten durchdringenden Sonnenstrahlen. Je nach Lage des Kobel, ob oben im Baum oder unter einem Dachgiebel, kann es jetzt schon mal zu warm werden. F\u00fcr die gerade aktiv werdenden H\u00f6rnchen eine gro\u00dfe Gefahr, dass sie beim Krabbeln und Spielen aus dem Kobel zu fallen. <\/p>\n\n\n\n<p>Dazu kommt der Umzug nach ca. 4 Wochen aus dem &#8222;Geburtskobel&#8220; in einen neuen Kobel (schwierig f\u00fcr die Eichkatze den Geburtskobel von Pipi &amp; Kaka sauber zu halten, deshalb wechselt sie dann). Da geht mal das ein oder andere H\u00f6rnchen verloren, wenn die Mama beim Transport gest\u00f6rt wird, den Nachwuchs zu ihrer eigenen Rettung fallen l\u00e4sst und fl\u00fcchtet und das Kind dann aber nicht mehr wiederfindet. <\/p>\n\n\n\n<figure class=\"wp-block-gallery has-nested-images columns-default is-cropped wp-block-gallery-3 is-layout-flex wp-block-gallery-is-layout-flex\">\n<figure class=\"wp-block-image size-large\"><img loading=\"lazy\" decoding=\"async\" width=\"900\" height=\"744\" data-id=\"7420\" src=\"https:\/\/aktion-eichhoernchen.de\/wp_aktion\/wp-content\/uploads\/2024\/03\/teaserbox_2465704557.jpg\" alt=\"\" class=\"wp-image-7420\" srcset=\"https:\/\/aktion-eichhoernchen.de\/wp_aktion\/wp-content\/uploads\/2024\/03\/teaserbox_2465704557.jpg 900w, https:\/\/aktion-eichhoernchen.de\/wp_aktion\/wp-content\/uploads\/2024\/03\/teaserbox_2465704557-300x248.jpg 300w, https:\/\/aktion-eichhoernchen.de\/wp_aktion\/wp-content\/uploads\/2024\/03\/teaserbox_2465704557-768x635.jpg 768w\" sizes=\"auto, (max-width: 900px) 100vw, 900px\" \/><figcaption class=\"wp-element-caption\">\u00a9 Eichh\u00f6rnchennotruf e.V.<\/figcaption><\/figure>\n\n\n\n<figure class=\"wp-block-image size-large\"><img loading=\"lazy\" decoding=\"async\" width=\"903\" height=\"599\" data-id=\"7419\" src=\"https:\/\/aktion-eichhoernchen.de\/wp_aktion\/wp-content\/uploads\/2024\/03\/Screenshot-2024-02-23-100614.png\" alt=\"\" class=\"wp-image-7419\" srcset=\"https:\/\/aktion-eichhoernchen.de\/wp_aktion\/wp-content\/uploads\/2024\/03\/Screenshot-2024-02-23-100614.png 903w, https:\/\/aktion-eichhoernchen.de\/wp_aktion\/wp-content\/uploads\/2024\/03\/Screenshot-2024-02-23-100614-300x199.png 300w, https:\/\/aktion-eichhoernchen.de\/wp_aktion\/wp-content\/uploads\/2024\/03\/Screenshot-2024-02-23-100614-768x509.png 768w, https:\/\/aktion-eichhoernchen.de\/wp_aktion\/wp-content\/uploads\/2024\/03\/Screenshot-2024-02-23-100614-750x499.png 750w, https:\/\/aktion-eichhoernchen.de\/wp_aktion\/wp-content\/uploads\/2024\/03\/Screenshot-2024-02-23-100614-360x240.png 360w\" sizes=\"auto, (max-width: 903px) 100vw, 903px\" \/><figcaption class=\"wp-element-caption\">\u00a9Flickr<\/figcaption><\/figure>\n<\/figure>\n\n\n\n<p>Deshalb, Eichh\u00f6rnchenkinder, die &#8222;nachlaufen&#8220;, &#8222;am Hosenbein hochspringen&#8220;, &#8222;in den Kinderwagen springen&#8220;, &#8222;ins Haus kommen&#8220; oder unter den Terrassenm\u00f6beln kauern, immer in einen Karton einsammeln (Luftl\u00f6cher nicht vergessen), dunkel und warm stellen und sofort eine nahegelegene Pflegestelle anrufen. Kein Futter, keine Fl\u00fcssigkeit, nix, erst anrufen, bis klar ist, was passiert ist, wie alt das Eichh\u00f6rnchen ist und ob ev. die Mutter \u00fcber einen Lockruf noch herbeigeholt werden kann. Und, nicht den Eigenschutz vergessen! Eichh\u00f6rnchen \u00fcbertragen keine Tollwut, aber k\u00f6nnen, insbesondere, wenn die Bei\u00dferchen oben und unten ausgebildet sind, kr\u00e4ftig zuhauen, was sie in Panik auch gerne tun, deshalb: Handschuhe!<\/p>\n","protected":false},"excerpt":{"rendered":"<p>Die Eichkater befinden sich schon im Fr\u00fchjahrsfellwechsel, der ca. 6 Wochen dauert. Das dichte Unterfell f\u00e4llt aus und das neue Fell beginnt am Kopf mit der Nase, um die Augen, <a class=\"more-link\" href=\"https:\/\/aktion-eichhoernchen.de\/wp_aktion\/?page_id=7415\">Continue Reading &rarr;<\/a><\/p>\n","protected":false},"author":1,"featured_media":0,"parent":0,"menu_order":0,"comment_status":"closed","ping_status":"closed","template":"","meta":{"footnotes":""},"class_list":["post-7415","page","type-page","status-publish","hentry"],"_links":{"self":[{"href":"https:\/\/aktion-eichhoernchen.de\/wp_aktion\/index.php?rest_route=\/wp\/v2\/pages\/7415","targetHints":{"allow":["GET"]}}],"collection":[{"href":"https:\/\/aktion-eichhoernchen.de\/wp_aktion\/index.php?rest_route=\/wp\/v2\/pages"}],"about":[{"href":"https:\/\/aktion-eichhoernchen.de\/wp_aktion\/index.php?rest_route=\/wp\/v2\/types\/page"}],"author":[{"embeddable":true,"href":"https:\/\/aktion-eichhoernchen.de\/wp_aktion\/index.php?rest_route=\/wp\/v2\/users\/1"}],"replies":[{"embeddable":true,"href":"https:\/\/aktion-eichhoernchen.de\/wp_aktion\/index.php?rest_route=%2Fwp%2Fv2%2Fcomments&post=7415"}],"version-history":[{"count":4,"href":"https:\/\/aktion-eichhoernchen.de\/wp_aktion\/index.php?rest_route=\/wp\/v2\/pages\/7415\/revisions"}],"predecessor-version":[{"id":12892,"href":"https:\/\/aktion-eichhoernchen.de\/wp_aktion\/index.php?rest_route=\/wp\/v2\/pages\/7415\/revisions\/12892"}],"wp:attachment":[{"href":"https:\/\/aktion-eichhoernchen.de\/wp_aktion\/index.php?rest_route=%2Fwp%2Fv2%2Fmedia&parent=7415"}],"curies":[{"name":"wp","href":"https:\/\/api.w.org\/{rel}","templated":true}]}}