{"id":716,"date":"2021-02-18T19:56:17","date_gmt":"2021-02-18T19:56:17","guid":{"rendered":"https:\/\/aktion-eichhoernchen.de\/wp_aktion\/?page_id=716"},"modified":"2026-01-03T06:57:11","modified_gmt":"2026-01-03T06:57:11","slug":"links","status":"publish","type":"page","link":"https:\/\/aktion-eichhoernchen.de\/wp_aktion\/?page_id=716","title":{"rendered":"Links"},"content":{"rendered":"\n<p><a href=\"https:\/\/www.wildtierhilfe-odenwald.de\/\" data-type=\"URL\" data-id=\"https:\/\/www.wildtierhilfe-odenwald.de\/\" target=\"_blank\" rel=\"noreferrer noopener\">Wildtierhilfe <\/a><a href=\"https:\/\/www.wildtierhilfe-odenwald.de\/\" data-type=\"URL\" data-id=\"https:\/\/www.wildtierhilfe-odenwald.de\/\">Odenwald<\/a><\/p>\n\n\n\n<p><a rel=\"noreferrer noopener\" href=\"https:\/\/www.bietigheimerzeitung.de\/inhalt.bietigheim-bissingerin-hilft-eichhoernchen-es-sind-keine-niedlichen-haustiere.fff0326e-c068-41cd-a03f-ca324711bc4c.html\" target=\"_blank\">Bericht \u00fcber die Eichh\u00f6rnchenhilfe Stuttgart<\/a><\/p>\n\n\n\n<p><a href=\"https:\/\/www.weser-kurier.de\/bremen\/stadtteil-haefen\/rettung-aus-der-weser-eichhoernchen-in-seenot-doc7e4h2bimv2012d26rcpc?reloc_action=artikel&amp;reloc_label=\/bremen\/bremen-stadt_artikel,-hoernchen-in-seenot-_arid,1928588.html\" target=\"_blank\" rel=\"noreferrer noopener\">Rettung von Eichh\u00f6rnchen aus Seenot<\/a><\/p>\n\n\n\n<p>Wikiwand<\/p>\n\n\n\n<p><a rel=\"noreferrer noopener\" href=\"https:\/\/www.zootierliste.de\/?klasse=1&amp;ordnung=113&amp;familie=11304\" target=\"_blank\">Zootierliste<\/a><\/p>\n\n\n\n<p><a href=\"https:\/\/www.youtube.com\/watch?v=whG4NvcyRzo&amp;list=PLacWzrSXekUMfmWw-JyVLj3TFCzK6oLv2\" data-type=\"URL\" data-id=\"https:\/\/www.youtube.com\/watch?v=whG4NvcyRzo&amp;list=PLacWzrSXekUMfmWw-JyVLj3TFCzK6oLv2\" target=\"_blank\" rel=\"noreferrer noopener\">Natur und Eichh\u00f6rnchenvideos von OK Weinstra\u00dfe<\/a><\/p>\n\n\n\n<p><a rel=\"noreferrer noopener\" href=\"https:\/\/www.youtube.com\/channel\/UCx9JiwPgJHy4cMThY4nmQmA\" target=\"_blank\">Dani Connor Wild rettet 4 Eichh\u00f6rnchen<\/a> Sch\u00f6n gemachtes 30-Minuten-Video<\/p>\n\n\n\n<p><a href=\"https:\/\/de-de.facebook.com\/TintinTheSquirrel\/\">Die \u201eunglaubliche\u201c Story von &#8222;TinTin the squirrel&#8220;<\/a> (facebook)<\/p>\n\n\n\n<p><a href=\"https:\/\/www.deutschewildtierstiftung.de\/wildtiere\/eichhoernchen?gclid=EAIaIQobChMIgv-Y46Hb1gIVyJkbCh0jCQZ3EAAYAiAAEgKXwvD_BwE\">Deutsche Wildtierstiftung<\/a><\/p>\n\n\n\n<p><a href=\"http:\/\/www.eichhoernchen-eck.de\/\">Umweltzentrum Eckernf\u00f6rde<\/a><\/p>\n\n\n\n<p><a rel=\"noreferrer noopener\" href=\"https:\/\/www.youtube.com\/channel\/UCzPj_2Gx8ojVDqoe3_de6gg\/videos\" target=\"_blank\">Videokanal mit Eichh\u00f6rnchenvideos bei Youtube<\/a><\/p>\n","protected":false},"excerpt":{"rendered":"<p>Wildtierhilfe Odenwald Bericht \u00fcber die Eichh\u00f6rnchenhilfe Stuttgart Rettung von Eichh\u00f6rnchen aus Seenot Wikiwand Zootierliste Natur und Eichh\u00f6rnchenvideos von OK Weinstra\u00dfe Dani Connor Wild rettet 4 Eichh\u00f6rnchen Sch\u00f6n gemachtes 30-Minuten-Video Die <a class=\"more-link\" href=\"https:\/\/aktion-eichhoernchen.de\/wp_aktion\/?page_id=716\">Continue Reading &rarr;<\/a><\/p>\n","protected":false},"author":1,"featured_media":0,"parent":0,"menu_order":0,"comment_status":"closed","ping_status":"closed","template":"","meta":{"footnotes":""},"class_list":["post-716","page","type-page","status-publish","hentry"],"_links":{"self":[{"href":"https:\/\/aktion-eichhoernchen.de\/wp_aktion\/index.php?rest_route=\/wp\/v2\/pages\/716","targetHints":{"allow":["GET"]}}],"collection":[{"href":"https:\/\/aktion-eichhoernchen.de\/wp_aktion\/index.php?rest_route=\/wp\/v2\/pages"}],"about":[{"href":"https:\/\/aktion-eichhoernchen.de\/wp_aktion\/index.php?rest_route=\/wp\/v2\/types\/page"}],"author":[{"embeddable":true,"href":"https:\/\/aktion-eichhoernchen.de\/wp_aktion\/index.php?rest_route=\/wp\/v2\/users\/1"}],"replies":[{"embeddable":true,"href":"https:\/\/aktion-eichhoernchen.de\/wp_aktion\/index.php?rest_route=%2Fwp%2Fv2%2Fcomments&post=716"}],"version-history":[{"count":12,"href":"https:\/\/aktion-eichhoernchen.de\/wp_aktion\/index.php?rest_route=\/wp\/v2\/pages\/716\/revisions"}],"predecessor-version":[{"id":12262,"href":"https:\/\/aktion-eichhoernchen.de\/wp_aktion\/index.php?rest_route=\/wp\/v2\/pages\/716\/revisions\/12262"}],"wp:attachment":[{"href":"https:\/\/aktion-eichhoernchen.de\/wp_aktion\/index.php?rest_route=%2Fwp%2Fv2%2Fmedia&parent=716"}],"curies":[{"name":"wp","href":"https:\/\/api.w.org\/{rel}","templated":true}]}}