{"id":6734,"date":"2024-01-24T12:36:12","date_gmt":"2024-01-24T12:36:12","guid":{"rendered":"https:\/\/aktion-eichhoernchen.de\/wp_aktion\/?page_id=6734"},"modified":"2025-12-08T04:09:03","modified_gmt":"2025-12-08T04:09:03","slug":"einhoernchenfuetterung-im-sommer","status":"publish","type":"page","link":"https:\/\/aktion-eichhoernchen.de\/wp_aktion\/?page_id=6734","title":{"rendered":"Einh\u00f6rnchenf\u00fctterung im Sommer"},"content":{"rendered":"\n<p><strong>&#8222;Sollen Eichh\u00f6rnchen im Sommer gef\u00fcttert werden?&#8220;<\/strong><\/p>\n\n\n\n<p>Wir wollen alle helfen. Wir haben auf unseren Seiten den <a href=\"https:\/\/aktion-eichhoernchen.de\/wp_aktion\/wp-content\/uploads\/2025\/12\/2025_12_Flyer.pdf\" data-type=\"link\" data-id=\"https:\/\/aktion-eichhoernchen.de\/wp_aktion\/wp-content\/uploads\/2022\/09\/2022_09_Fleyer.pdf\" target=\"_blank\" rel=\"noreferrer noopener\">Eichh\u00f6rnchen-Flyer<\/a>. Wir wollen alle helfen. Wir haben auf unseren Seiten den <a href=\"https:\/\/aktion-eichhoernchen.de\/wp_aktion\/wp-content\/uploads\/2025\/12\/2025_12_Flyer.pdf\" data-type=\"link\" data-id=\"https:\/\/aktion-eichhoernchen.de\/wp_aktion\/wp-content\/uploads\/2022\/09\/2022_09_Fleyer.pdf\" target=\"_blank\" rel=\"noreferrer noopener\">Eichh\u00f6rnchen-Flyer<\/a>, der &#8222;m\u00f6gliches&#8220; Eichh\u00f6rnchenfutter enth\u00e4lt. Um das ein oder andere &#8222;Element&#8220; gibt es immer wieder Diskussionen. U.E. ist alles &#8222;erlaubt&#8220;, was hier in Deutschland in den W\u00e4ldern, Wiesen und Feldern w\u00e4chst. Und ja, unsere Felder sind gespritzt, aber das wei\u00df das Eichh\u00f6rnchen nicht!  Und was davon f\u00fcr Eichh\u00f6rnchen &#8222;bek\u00f6mmlich&#8220; ist, wissen sie selbst, also keine Eicheln, keine Kastanien, daf\u00fcr aber z.B. die Samen von einer Thujahecke oder Fliegenpilze, f\u00fcr uns hochgiftig. <\/p>\n\n\n\n<p>Im Gegensatz zum Winter bietet es sich an, im Sommer auch &#8222;Nassfutter&#8220; auszulegen, vor allem an sehr hei\u00dfen Tagen, wenn die Wildtiere kaum noch Wasserpf\u00fctzen finden. Beispielsweise Melonen, Salatgurke, Pilze usw, mit einem hohen Wassergehalt. Es gibt vor allem im Nagerbereich eine M\u00f6glichkeiten, mit denen man Frischfutter gut platzieren kann. Bei Fragen hierzu, bitte eine kurze <a href=\"mailto:post@aktion-eichhoernchen.de\" data-type=\"mailto\" data-id=\"mailto:post@aktion-eichhoernchen.de\">Mail<\/a>, wir wollen hier keine &#8222;Werbung&#8220; ver\u00f6ffentlichen. <\/p>\n\n\n\n<p>Allerdings sollte man darauf achten, dass man das Futter mit Einbruch der D\u00e4mmerung wieder entfernt. Zum einen schimmelt es dann nicht und zum anderen werden Wildtiere, die eher nachts unterwegs sind, wie z.B. Ratten und M\u00e4use, durch das Futter nicht angezogen. M\u00f6glichst das Frischfutter im Schatten und erh\u00f6ht platzieren. Denkbar ist auch das Nassfutter in eine Vogeltr\u00e4nke zu legen, die in einen Baum oder Strauch geh\u00e4ngt werden kann. Erschwert den bodenliebenden Nagern die Selbstbedienung.<\/p>\n\n\n\n<p>Ganz wichtig im Sommer ist nat\u00fcrlich eine flache &#8222;Vogeltr\u00e4nke&#8220;. Flach deshalb, weil Eichh\u00f6rnchen mit ihrer Zunge das Wasser aufnehmen. Ist es eine hohe Schale, m\u00fcssen sie quasi mit der Nase eintauchen, um an das k\u00fchle Nass zu kommen. Dabei k\u00f6nnen sie sich leicht verschlucken und Wasser in die Lunge bekommen. Die Wasserschale sollte m\u00f6glichst t\u00e4glich neu gef\u00fcllt werden (Achtung, eine Wasserschale ist immer ein Krankheits\u00fcbertr\u00e4ger, deshalb auch selbst Handschuhe tragen oder die H\u00e4nde nach der Reinigung desinfizieren!).<\/p>\n\n\n\n<figure class=\"wp-block-image size-full\"><img loading=\"lazy\" decoding=\"async\" width=\"993\" height=\"662\" src=\"https:\/\/aktion-eichhoernchen.de\/wp_aktion\/wp-content\/uploads\/2023\/12\/Trinkendes-Eichie.jpg\" alt=\"\" class=\"wp-image-6444\" srcset=\"https:\/\/aktion-eichhoernchen.de\/wp_aktion\/wp-content\/uploads\/2023\/12\/Trinkendes-Eichie.jpg 993w, https:\/\/aktion-eichhoernchen.de\/wp_aktion\/wp-content\/uploads\/2023\/12\/Trinkendes-Eichie-300x200.jpg 300w, https:\/\/aktion-eichhoernchen.de\/wp_aktion\/wp-content\/uploads\/2023\/12\/Trinkendes-Eichie-768x512.jpg 768w, https:\/\/aktion-eichhoernchen.de\/wp_aktion\/wp-content\/uploads\/2023\/12\/Trinkendes-Eichie-750x499.jpg 750w, https:\/\/aktion-eichhoernchen.de\/wp_aktion\/wp-content\/uploads\/2023\/12\/Trinkendes-Eichie-360x240.jpg 360w\" sizes=\"auto, (max-width: 993px) 100vw, 993px\" \/><\/figure>\n\n\n\n<p>Ein sehr sch\u00f6nes Bild einer Vogeltr\u00e4nke haben wir im Internet gefunden. Auch liegen Kieselsteine im Wasser, damit sich unsere Insekten bedienen k\u00f6nnen. Wer handwerklich geschickt ist, kann das bestimmt selbst nachbauen:<\/p>\n\n\n<div class=\"wp-block-image\">\n<figure class=\"aligncenter size-full\"><img loading=\"lazy\" decoding=\"async\" width=\"400\" height=\"377\" src=\"https:\/\/aktion-eichhoernchen.de\/wp_aktion\/wp-content\/uploads\/2024\/01\/Screenshot-2024-01-24-133005.jpg\" alt=\"\" class=\"wp-image-6737\" srcset=\"https:\/\/aktion-eichhoernchen.de\/wp_aktion\/wp-content\/uploads\/2024\/01\/Screenshot-2024-01-24-133005.jpg 400w, https:\/\/aktion-eichhoernchen.de\/wp_aktion\/wp-content\/uploads\/2024\/01\/Screenshot-2024-01-24-133005-300x283.jpg 300w\" sizes=\"auto, (max-width: 400px) 100vw, 400px\" \/><figcaption class=\"wp-element-caption\">\u00a9globalgaap.com<\/figcaption><\/figure>\n<\/div>\n\n\n<p>Gerade im zeitigen Fr\u00fchjahr kann den Eichh\u00f6rnchen  (und vor allem auch unseren Singv\u00f6geln) auch<strong> Nistmaterial <\/strong>zur Verf\u00fcgung gestellt werden. Dazu eigenen sich:<\/p>\n\n\n\n<ul class=\"wp-block-list\">\n<li>Naturbaumwolle<\/li>\n\n\n\n<li>kleine Fleecest\u00fccke (z.B. von einem alten ausgedienten Fleecepullover)<\/li>\n\n\n\n<li>Alpakawolle<\/li>\n\n\n\n<li>Schafwolle<\/li>\n\n\n\n<li>ausgek\u00e4mmtes Hunde- oder Katzenhaar<\/li>\n\n\n\n<li>Holzwolle (Achtung, nur kleingeschnitten, damit sich die Eichies nicht damit strangulieren k\u00f6nnen)<\/li>\n\n\n\n<li>Jute (auch nur kleingeschnitten!!!)<\/li>\n\n\n\n<li>getrocknetes Moos oder Laub<\/li>\n<\/ul>\n\n\n\n<p>Man sollte das Nistmaterial m\u00f6glichst trocken zur Verf\u00fcgung stellen. Daf\u00fcr eignet sich ein &#8222;Eichh\u00f6rnchenkobel&#8220;, wie er \u00fcberall zu kaufen ist oder z.B. einen Baumwollbeutel (der trocken unter einem Dachvorsprung h\u00e4ngt) und an einer Ecke unten aufgeschnitten ist. Wichtig ist, dass das Nistmaterial trocken bleibt, damit sich die Eichies und unsere Singv\u00f6gel es trocken abtransportieren k\u00f6nnen (wir wollen ja auch keine nasse Bettw\u00e4sche).<\/p>\n\n\n\n<p>Noch Fragen? Dann gerne <a href=\"mailto:post@aktion-eichh\u00f6rnchen.de\">post@aktion-eichh\u00f6rnchen.de<\/a><\/p>\n","protected":false},"excerpt":{"rendered":"<p>&#8222;Sollen Eichh\u00f6rnchen im Sommer gef\u00fcttert werden?&#8220; Wir wollen alle helfen. Wir haben auf unseren Seiten den Eichh\u00f6rnchen-Flyer. Wir wollen alle helfen. Wir haben auf unseren Seiten den Eichh\u00f6rnchen-Flyer, der &#8222;m\u00f6gliches&#8220; <a class=\"more-link\" href=\"https:\/\/aktion-eichhoernchen.de\/wp_aktion\/?page_id=6734\">Continue Reading &rarr;<\/a><\/p>\n","protected":false},"author":1,"featured_media":0,"parent":0,"menu_order":0,"comment_status":"closed","ping_status":"closed","template":"","meta":{"footnotes":""},"class_list":["post-6734","page","type-page","status-publish","hentry"],"_links":{"self":[{"href":"https:\/\/aktion-eichhoernchen.de\/wp_aktion\/index.php?rest_route=\/wp\/v2\/pages\/6734","targetHints":{"allow":["GET"]}}],"collection":[{"href":"https:\/\/aktion-eichhoernchen.de\/wp_aktion\/index.php?rest_route=\/wp\/v2\/pages"}],"about":[{"href":"https:\/\/aktion-eichhoernchen.de\/wp_aktion\/index.php?rest_route=\/wp\/v2\/types\/page"}],"author":[{"embeddable":true,"href":"https:\/\/aktion-eichhoernchen.de\/wp_aktion\/index.php?rest_route=\/wp\/v2\/users\/1"}],"replies":[{"embeddable":true,"href":"https:\/\/aktion-eichhoernchen.de\/wp_aktion\/index.php?rest_route=%2Fwp%2Fv2%2Fcomments&post=6734"}],"version-history":[{"count":8,"href":"https:\/\/aktion-eichhoernchen.de\/wp_aktion\/index.php?rest_route=\/wp\/v2\/pages\/6734\/revisions"}],"predecessor-version":[{"id":12083,"href":"https:\/\/aktion-eichhoernchen.de\/wp_aktion\/index.php?rest_route=\/wp\/v2\/pages\/6734\/revisions\/12083"}],"wp:attachment":[{"href":"https:\/\/aktion-eichhoernchen.de\/wp_aktion\/index.php?rest_route=%2Fwp%2Fv2%2Fmedia&parent=6734"}],"curies":[{"name":"wp","href":"https:\/\/api.w.org\/{rel}","templated":true}]}}