{"id":6590,"date":"2024-01-22T10:45:54","date_gmt":"2024-01-22T10:45:54","guid":{"rendered":"https:\/\/aktion-eichhoernchen.de\/wp_aktion\/?page_id=6590"},"modified":"2024-01-22T10:45:54","modified_gmt":"2024-01-22T10:45:54","slug":"verein-2022-mitglieder-finanzen","status":"publish","type":"page","link":"https:\/\/aktion-eichhoernchen.de\/wp_aktion\/?page_id=6590","title":{"rendered":"Verein &#8211; 2022 Mitglieder &#038; Finanzen"},"content":{"rendered":"\n<p>Mit Bescheid vom 18.05.2022 wurde unser Verein auch das erste Mal steuerlich gepr\u00fcft und f\u00fcr \u201egut\u201c empfunden, bedeutet, dass wir auch weiterhin Spendenbescheinigungen ausstellen d\u00fcrfen und zwar sowohl f\u00fcr die Mitgliedsbeitr\u00e4ge als auch f\u00fcr Spenden. Die n\u00e4chste Pr\u00fcfung erfolgt dann 2025. Eine Bitte h\u00e4tten wir allerdings, da uns die ein oder andere Spende ohne Adresse erreicht: wenn Ihr eine Spendenbescheinigung m\u00f6chtet, schickt uns bitte die postalische Adresse bei der \u00dcberweisung mit oder sendet uns eine gesonderte Mail an <a href=\"mailto:post@aktion-eichh\u00f6rnchen.de\">post@aktion-eichh\u00f6rnchen.de<\/a>. Teilweise haben wir versucht die Spender\/innen mit einer R\u00fcck\u00fcberweisung von 0,01 Euro an die Adresse zu erinnern, hatte bisher leider keinen Erfolg.<\/p>\n\n\n<p><strong>Genaue Aufschl\u00fcsselung der Einnahmen und Ausgaben f\u00fcr 2022:<\/strong><\/p>\n<p><!-- \/wp:post-content --><\/p>\n<p><!-- wp:paragraph --><\/p>\n<p><strong><em>Einnahmen:<\/em><\/strong><\/p>\n<p><!-- \/wp:paragraph --><\/p>\n<p><!-- wp:table {\"className\":\"is-style-stripes\"} --><\/p>\n<figure class=\"wp-block-table is-style-stripes\">\n<table>\n<tbody>\n<tr>\n<td>\u00a0<\/td>\n<td class=\"has-text-align-right\" data-align=\"right\"><strong><em>2022<\/em><\/strong><\/td>\n<\/tr>\n<tr>\n<td>Beitr\u00e4ge<\/td>\n<td class=\"has-text-align-right\" data-align=\"right\">168,00 \u20ac<\/td>\n<\/tr>\n<tr>\n<td>Honorare f\u00fcr Vortr\u00e4ge<\/td>\n<td class=\"has-text-align-right\" data-align=\"right\">160,00 \u20ac<\/td>\n<\/tr>\n<tr>\n<td>Spenden<\/td>\n<td class=\"has-text-align-right\" data-align=\"right\">3.673,91 \u20ac<\/td>\n<\/tr>\n<\/tbody>\n<\/table>\n<\/figure>\n<p><!-- \/wp:table --><\/p>\n<p><!-- wp:paragraph --><\/p>\n<p><strong><em>Ausgaben:<\/em><\/strong><\/p>\n<p><!-- \/wp:paragraph --><\/p>\n<p><!-- wp:table {\"className\":\"is-style-stripes\"} --><\/p>\n<figure class=\"wp-block-table is-style-stripes\">\n<table>\n<tbody>\n<tr>\n<td>\u00a0<\/td>\n<td class=\"has-text-align-right\" data-align=\"right\"><strong><em>2022<\/em><\/strong><\/td>\n<\/tr>\n<tr>\n<td>Geringwertige Wirtschaftsg\u00fcter (Kleinkram)<\/td>\n<td class=\"has-text-align-right\" data-align=\"right\">365,87 \u20ac<\/td>\n<\/tr>\n<tr>\n<td>Gr\u00f6\u00dfere Ausstattung<\/td>\n<td class=\"has-text-align-right\" data-align=\"right\">278,00 \u20ac<\/td>\n<\/tr>\n<tr>\n<td>Handy<\/td>\n<td class=\"has-text-align-right\" data-align=\"right\">94,00 \u20ac<\/td>\n<\/tr>\n<tr>\n<td>Webseiten<\/td>\n<td class=\"has-text-align-right\" data-align=\"right\">236,88 \u20ac<\/td>\n<\/tr>\n<tr>\n<td>Werbematerial (Visitenkarten\u2026)<\/td>\n<td class=\"has-text-align-right\" data-align=\"right\">7,80 \u20ac<\/td>\n<\/tr>\n<tr>\n<td>Tierarzt<\/td>\n<td class=\"has-text-align-right\" data-align=\"right\">\u00a0741,07 \u20ac<\/td>\n<\/tr>\n<tr>\n<td>Futter, Spritzen, Sauger usw.<\/td>\n<td class=\"has-text-align-right\" data-align=\"right\">252,84 \u20ac<\/td>\n<\/tr>\n<tr>\n<td>Kontof\u00fchrung<\/td>\n<td class=\"has-text-align-right\" data-align=\"right\">12,01\u20ac<\/td>\n<\/tr>\n<\/tbody>\n<\/table>\n<\/figure>\n<p><!-- \/wp:table --><\/p>\n<p><!-- wp:paragraph --><\/p>\n<p><strong>Neuigkeiten Stand 01.01.2023:<\/strong> (an der genauen Aufschl\u00fcsselung der Kosten)<\/p>\n<p><!-- \/wp:paragraph --><\/p>\n<p><!-- wp:table {\"className\":\"is-style-stripes\"} --><\/p>\n<figure class=\"wp-block-table is-style-stripes\">\n<table>\n<tbody>\n<tr>\n<td>Einnahmen 2022<\/td>\n<td class=\"has-text-align-right\" data-align=\"right\">4.501,91 \u20ac<\/td>\n<\/tr>\n<tr>\n<td>Ausgaben 2022<\/td>\n<td class=\"has-text-align-right\" data-align=\"right\">3,488,47 \u20ac<\/td>\n<\/tr>\n<tr>\n<td><strong>\u00dcberschuss 2022<\/strong><\/td>\n<td class=\"has-text-align-right\" data-align=\"right\"><strong>1.013,44 \u20ac<\/strong><\/td>\n<\/tr>\n<tr>\n<td>Bestand giro 31.12.2021 \/ 01.01.2022<\/td>\n<td class=\"has-text-align-right\" data-align=\"right\">2.057,21 \u20ac<\/td>\n<\/tr>\n<tr>\n<td>Bestand bar 31.12.2021 \/ 01.01.2022<\/td>\n<td class=\"has-text-align-right\" data-align=\"right\">\u00a0\u00a0 315,56 \u20ac<\/td>\n<\/tr>\n<tr>\n<td>Bestand giro 31.12.2022 \/ 01.01.2023<\/td>\n<td class=\"has-text-align-right\" data-align=\"right\">3.211,41 \u20ac<\/td>\n<\/tr>\n<tr>\n<td>Bestand bar 31.12.2022 \/ 01.01.2023<\/td>\n<td class=\"has-text-align-right\" data-align=\"right\">\u00a0\u00a0 174,80 \u20ac<\/td>\n<\/tr>\n<tr>\n<td><strong>Gesamtbestand 31.12.2022 \/ 01.01.2023<\/strong><\/td>\n<td class=\"has-text-align-right\" data-align=\"right\"><strong>3.386,21 \u20ac<\/strong><\/td>\n<\/tr>\n<\/tbody>\n<\/table>\n<\/figure>\n<p><!-- \/wp:table --><\/p>\n<p><!-- wp:paragraph --><\/p>\n<p><strong>Aktuelle Mitgliederanzahl:<\/strong> 23, davon 7 Gr\u00fcndungsmitglieder<\/p>\n<p><!-- \/wp:paragraph --><\/p>\n<p><!-- wp:paragraph --><\/p>\n<p>&#8212;&#8212;&#8212;&#8212;&#8212;&#8212;&#8212;&#8212;&#8212;&#8212;&#8212;&#8212;&#8212;&#8212;&#8212;&#8212;&#8212;&#8212;&#8212;&#8212;&#8212;&#8212;&#8212;&#8212;&#8212;&#8212;&#8212;&#8212;&#8212;&#8212;&#8212;&#8212;&#8212;&#8212;&#8212;&#8212;&#8212;&#8212;&#8212;&#8212;&#8212;&#8212;&#8212;&#8212;&#8211;<\/p>\n<p><!-- \/wp:paragraph --><\/p>","protected":false},"excerpt":{"rendered":"<p>Mit Bescheid vom 18.05.2022 wurde unser Verein auch das erste Mal steuerlich gepr\u00fcft und f\u00fcr \u201egut\u201c empfunden, bedeutet, dass wir auch weiterhin Spendenbescheinigungen ausstellen d\u00fcrfen und zwar sowohl f\u00fcr die <a class=\"more-link\" href=\"https:\/\/aktion-eichhoernchen.de\/wp_aktion\/?page_id=6590\">Continue Reading &rarr;<\/a><\/p>\n","protected":false},"author":1,"featured_media":0,"parent":0,"menu_order":0,"comment_status":"closed","ping_status":"closed","template":"","meta":{"footnotes":""},"class_list":["post-6590","page","type-page","status-publish","hentry"],"_links":{"self":[{"href":"https:\/\/aktion-eichhoernchen.de\/wp_aktion\/index.php?rest_route=\/wp\/v2\/pages\/6590","targetHints":{"allow":["GET"]}}],"collection":[{"href":"https:\/\/aktion-eichhoernchen.de\/wp_aktion\/index.php?rest_route=\/wp\/v2\/pages"}],"about":[{"href":"https:\/\/aktion-eichhoernchen.de\/wp_aktion\/index.php?rest_route=\/wp\/v2\/types\/page"}],"author":[{"embeddable":true,"href":"https:\/\/aktion-eichhoernchen.de\/wp_aktion\/index.php?rest_route=\/wp\/v2\/users\/1"}],"replies":[{"embeddable":true,"href":"https:\/\/aktion-eichhoernchen.de\/wp_aktion\/index.php?rest_route=%2Fwp%2Fv2%2Fcomments&post=6590"}],"version-history":[{"count":5,"href":"https:\/\/aktion-eichhoernchen.de\/wp_aktion\/index.php?rest_route=\/wp\/v2\/pages\/6590\/revisions"}],"predecessor-version":[{"id":6597,"href":"https:\/\/aktion-eichhoernchen.de\/wp_aktion\/index.php?rest_route=\/wp\/v2\/pages\/6590\/revisions\/6597"}],"wp:attachment":[{"href":"https:\/\/aktion-eichhoernchen.de\/wp_aktion\/index.php?rest_route=%2Fwp%2Fv2%2Fmedia&parent=6590"}],"curies":[{"name":"wp","href":"https:\/\/api.w.org\/{rel}","templated":true}]}}