{"id":6414,"date":"2023-12-04T10:49:42","date_gmt":"2023-12-04T10:49:42","guid":{"rendered":"https:\/\/aktion-eichhoernchen.de\/wp_aktion\/?page_id=6414"},"modified":"2025-12-08T04:13:21","modified_gmt":"2025-12-08T04:13:21","slug":"eichhoernchenfuetterung-im-winter","status":"publish","type":"page","link":"https:\/\/aktion-eichhoernchen.de\/wp_aktion\/?page_id=6414","title":{"rendered":"Eichh\u00f6rnchenf\u00fctterung im Winter"},"content":{"rendered":"\n<p>Aktuell erreichen uns viele Anfragen:<\/p>\n\n\n\n<p><strong>&#8222;Was kann ich den Eichh\u00f6rnchen im Winter f\u00fcttern, wie kann ich sie unterst\u00fctzen?&#8220;<\/strong><\/p>\n\n\n\n<p>Wir wollen alle helfen. Wir haben auf unseren Seiten den <a href=\"https:\/\/aktion-eichhoernchen.de\/wp_aktion\/wp-content\/uploads\/2025\/12\/2025_12_Flyer.pdf\" data-type=\"link\" data-id=\"https:\/\/aktion-eichhoernchen.de\/wp_aktion\/wp-content\/uploads\/2022\/09\/2022_09_Fleyer.pdf\" target=\"_blank\" rel=\"noreferrer noopener\">Eichh\u00f6rnchen-Flyer<\/a>, der &#8222;m\u00f6gliches&#8220; Eichh\u00f6rnchenfutter enth\u00e4lt. Um das ein oder andere &#8222;Element&#8220; gibt es immer wieder Diskussionen. U.E. ist alles &#8222;erlaubt&#8220;, was hier in Deutschland in den W\u00e4ldern, Wiesen und Feldern w\u00e4chst. Und ja, unsere Felder sind gespritzt, aber das wei\u00df das Eichh\u00f6rnchen nicht!  Und was davon f\u00fcr Eichh\u00f6rnchen &#8222;bek\u00f6mmlich&#8220; ist, wissen sie selbst, also keine Eicheln, keine Kastanien, daf\u00fcr aber z.B. die Samen von einer Thujahecke oder Fliegenpilze, f\u00fcr uns hochgiftig. <br><br>Von der Futterliste im Winter bitte <strong>alles streichen<\/strong>, das durch die K\u00e4lte &#8222;gefroren&#8220; wird (kein Nassfutter!). Das ist weder f\u00fcr die Eichh\u00f6rnchenz\u00e4hne noch f\u00fcr den Eichh\u00f6rnchenmagen gut. Wir &#8222;futtern&#8220; im Winter auch kein &#8222;Schleckeis&#8220; drau\u00dfen &#8230; normalerweise &#8230;<br>Bitte aber immer bedenken, dass eine selektive F\u00fctterung weder bei Eichh\u00f6rnchen noch bei V\u00f6geln klappt. Will man z.B. nur Singv\u00f6gel f\u00fcttern, bedienen sich daran sowohl Tauben, Elstern, Eichelh\u00e4her und Greifv\u00f6gel, wenn sie in Futternot sind. Leider sind auch alle unsere vierbeinigen Nager &#8211; neben den Eichh\u00f6rnchen &#8211; wie z.B. Ratten und M\u00e4use sehr clever und bedienen sich daran. Eine selektive F\u00fctterung ist daher kaum m\u00f6glich.<\/p>\n\n\n\n<p><strong>Wie stellt man das Futter zur Verf\u00fcgung?<\/strong><br>Da gibt es die sch\u00f6nsten Varianten, wir k\u00f6nnen nur ein paar davon beleuchten. <br>Viele legen die N\u00fcsse nur auf einem gro\u00dfen Stein oder den Gartenm\u00f6beln aus und warten, bis alles weggeholt wurde und legen dann nach. Das ist die einfachste Variante!<br>Es gibt aber auch jede Menge Eichh\u00f6rnchenfutterh\u00e4uschen zu kaufen oder selbst zu basteln. Dabei gibt es leider auch viele &#8222;Klippen&#8220;, die beachtet werden sollten:<\/p>\n\n\n\n<p>Wichtig ist vor allem ein <strong>leichtg\u00e4ngiger Deckel<\/strong>, den die Eichh\u00f6rnchen mit dem Kopf hochdr\u00fccken k\u00f6nnen. Dabei ist unerl\u00e4sslich, dass im geschlossenen Zustand zus\u00e4tzlich (!) ein so gro\u00dfer Spalt zwischen Frontabdeckung und Deckel bleibt, das das Eichh\u00f6rnchen, wenn ein 2. Eichh\u00f6rnchen auf den Deckel springt, das 1. Eichh\u00f6rnchen nicht einquetscht. Daran mangelt es leider bei vielen Futterh\u00e4uschen, die im Handel zu kaufen sind. Wenn man darauf trotzdem zur\u00fcckgreifen m\u00f6chte, sollte man die Frontplatte eink\u00fcrzen.  <br>Besteht die Frontplatte aus einer Plexiglasscheibe, sollte aus og. Gr\u00fcnden unbedingt die Plexischeibe mit einem Kantenschutz versehen sein. <br>Es gibt aber durchaus auch Futterh\u00e4user, die ohne diesen Deckel eine Entnahme des Futters erm\u00f6glichen. <\/p>\n\n\n\n<figure class=\"wp-block-gallery has-nested-images columns-default is-cropped wp-block-gallery-2 is-layout-flex wp-block-gallery-is-layout-flex\">\n<figure class=\"wp-block-image size-large\"><img loading=\"lazy\" decoding=\"async\" width=\"600\" height=\"389\" data-id=\"6466\" src=\"https:\/\/aktion-eichhoernchen.de\/wp_aktion\/wp-content\/uploads\/2023\/12\/0002.jpg\" alt=\"\" class=\"wp-image-6466\" srcset=\"https:\/\/aktion-eichhoernchen.de\/wp_aktion\/wp-content\/uploads\/2023\/12\/0002.jpg 600w, https:\/\/aktion-eichhoernchen.de\/wp_aktion\/wp-content\/uploads\/2023\/12\/0002-300x195.jpg 300w\" sizes=\"auto, (max-width: 600px) 100vw, 600px\" \/><figcaption class=\"wp-element-caption\">ohne Kantenschutz, sehr schmaler Abstand<\/figcaption><\/figure>\n\n\n\n<figure class=\"wp-block-image size-large\"><img loading=\"lazy\" decoding=\"async\" width=\"600\" height=\"277\" data-id=\"6467\" src=\"https:\/\/aktion-eichhoernchen.de\/wp_aktion\/wp-content\/uploads\/2023\/12\/0003.jpg\" alt=\"\" class=\"wp-image-6467\" srcset=\"https:\/\/aktion-eichhoernchen.de\/wp_aktion\/wp-content\/uploads\/2023\/12\/0003.jpg 600w, https:\/\/aktion-eichhoernchen.de\/wp_aktion\/wp-content\/uploads\/2023\/12\/0003-300x139.jpg 300w\" sizes=\"auto, (max-width: 600px) 100vw, 600px\" \/><figcaption class=\"wp-element-caption\">mit Kantenschutz, Abstand immer noch schmal<\/figcaption><\/figure>\n\n\n\n<figure class=\"wp-block-image size-large\"><img loading=\"lazy\" decoding=\"async\" width=\"600\" height=\"600\" data-id=\"6469\" src=\"https:\/\/aktion-eichhoernchen.de\/wp_aktion\/wp-content\/uploads\/2023\/12\/0006.jpg\" alt=\"\" class=\"wp-image-6469\" srcset=\"https:\/\/aktion-eichhoernchen.de\/wp_aktion\/wp-content\/uploads\/2023\/12\/0006.jpg 600w, https:\/\/aktion-eichhoernchen.de\/wp_aktion\/wp-content\/uploads\/2023\/12\/0006-300x300.jpg 300w, https:\/\/aktion-eichhoernchen.de\/wp_aktion\/wp-content\/uploads\/2023\/12\/0006-150x150.jpg 150w\" sizes=\"auto, (max-width: 600px) 100vw, 600px\" \/><figcaption class=\"wp-element-caption\">Kantenschutz und hoher Abstand<\/figcaption><\/figure>\n\n\n\n<figure class=\"wp-block-image size-large\"><img loading=\"lazy\" decoding=\"async\" width=\"600\" height=\"537\" data-id=\"6465\" src=\"https:\/\/aktion-eichhoernchen.de\/wp_aktion\/wp-content\/uploads\/2023\/12\/0001.jpg\" alt=\"\" class=\"wp-image-6465\" srcset=\"https:\/\/aktion-eichhoernchen.de\/wp_aktion\/wp-content\/uploads\/2023\/12\/0001.jpg 600w, https:\/\/aktion-eichhoernchen.de\/wp_aktion\/wp-content\/uploads\/2023\/12\/0001-300x269.jpg 300w\" sizes=\"auto, (max-width: 600px) 100vw, 600px\" \/><figcaption class=\"wp-element-caption\">seitlicher Einstiegt, Deckel nur zum Reinigen zu \u00f6ffnen<\/figcaption><\/figure>\n\n\n\n<figure class=\"wp-block-image size-large\"><img loading=\"lazy\" decoding=\"async\" width=\"381\" height=\"600\" data-id=\"6468\" src=\"https:\/\/aktion-eichhoernchen.de\/wp_aktion\/wp-content\/uploads\/2023\/12\/0004.jpg\" alt=\"\" class=\"wp-image-6468\" srcset=\"https:\/\/aktion-eichhoernchen.de\/wp_aktion\/wp-content\/uploads\/2023\/12\/0004.jpg 381w, https:\/\/aktion-eichhoernchen.de\/wp_aktion\/wp-content\/uploads\/2023\/12\/0004-191x300.jpg 191w\" sizes=\"auto, (max-width: 381px) 100vw, 381px\" \/><figcaption class=\"wp-element-caption\">ohne Klappdeckel<\/figcaption><\/figure>\n<\/figure>\n\n\n\n<p><br>Das Futterh\u00e4uschen sollte so gebaut sein, dass das Regenwasser vom Dach abl\u00e4uft und nicht in den Innenraum gelangt; unvermeidlich ist dies nicht, denn auch die Luftfeuchtigkeit tr\u00e4gt zur Durchfeuchtung des Futters bei, deshalb ist es wichtig, dass das eingedrungene Wasser z.B. durch einen Ablauf am Boden wieder entweichen kann. Auch sollten die Leisten und Bauteile nicht mit Silkon abgedichtet sein, sie verhindern die Luftzirkulation und lassen den Inhalt schnell schimmeln. <\/p>\n\n\n\n<figure class=\"wp-block-image size-full\"><img loading=\"lazy\" decoding=\"async\" width=\"600\" height=\"351\" src=\"https:\/\/aktion-eichhoernchen.de\/wp_aktion\/wp-content\/uploads\/2023\/12\/0005.jpg\" alt=\"\" class=\"wp-image-6470\" srcset=\"https:\/\/aktion-eichhoernchen.de\/wp_aktion\/wp-content\/uploads\/2023\/12\/0005.jpg 600w, https:\/\/aktion-eichhoernchen.de\/wp_aktion\/wp-content\/uploads\/2023\/12\/0005-300x176.jpg 300w\" sizes=\"auto, (max-width: 600px) 100vw, 600px\" \/><\/figure>\n\n\n\n<p>Das Futterh\u00e4uschen sollte so angebracht sein, dass der <strong>Deckel immer nach Verlassen den Futterh\u00e4uschens schlie\u00dft<\/strong>, so dass es nicht zur &#8222;Schlagfalle&#8220; wird, wenn ein neugieriges Eichh\u00f6rnchen in die Futterbox springt und das Futter auch immer gegen N\u00e4sse von oben gesch\u00fctzt ist.<\/p>\n\n\n\n<p>Das Futterh\u00e4uschen sollte <strong>nicht aus kesseldruckimpr\u00e4gnierten Holz bestehen<\/strong> (es wird mit Salzen und verschiedenen Stoffen wie Kupfer, Chrom, Arsen oder Bor behandelt, die eine insektizide und fungizide Wirkung haben, so dass das Holz nicht durch Sch\u00e4dliche und Pilze angegriffen wird. Sie sollten deshalb niemals mit Lebens- oder Futtermitteln in Kontakt kommen). Au\u00dferdem nimmt es den Geruch der N\u00fcsse an und dann nagen die Eichh\u00f6rnchen auch gerne mal daran, was aufgrund der Bestandteile nicht f\u00fcr die Gesundheit f\u00f6rderlich ist. Um die Haltbarkeit der H\u00e4uschen zu verl\u00e4ngern kann ein Blechdach oben montiert werden (dabei sind scharfe Kanten unbedingt zu vermeiden) und sie k\u00f6nnen mit einem unbedenklichen \u00d6l, z.B. Lein\u00f6l, Oliven\u00f6l, Holzwachs gestrichen werden. <\/p>\n\n\n\n<p>Eine <strong>gro\u00dfe Sitzfl\u00e4che vor dem H\u00e4uschen<\/strong> erleichtert den Eichh\u00f6rnchen die Entnahme der N\u00fcsse und man kann sie dann auch sehr gut beobachten, wenn die erste Nuss an Ort und Stelle geknackt und verspeist wird.<\/p>\n\n\n\n<p>Das Futterh\u00e4uschen sollte einen <strong>Platz finden, bei dem die Eichh\u00f6rnchen vor den Fressfeinden gesch\u00fctzt sind<\/strong> und dazu geh\u00f6ren sowohl Greifv\u00f6gel, Marder und Wiesel wie auch unsere Haustiere. Es sollte an dem Hauptstamm eines Baumes h\u00e4ngen, so dass es auf einem Astabzweig aufliegt. Hier k\u00f6nnen die Eichh\u00f6rnchen schnell fliehen, sollte doch ein Fressfeind auftauchen. Freie Fl\u00e4chen sind ungeeignet, denn hier k\u00f6nnen die eichh\u00f6rnchen nicht in Ruhe das Futter aussuchen, das sie mitnehmen m\u00f6chten, da sie permanent und von allen Seiten gefasst werden k\u00f6nnen. Je h\u00f6her der Hunger der Eichh\u00f6rnchen, desto unvorsichtiger werden sie. Das gilt f\u00fcr die Nahrungssuche und damit auch einhergehend mit dem \u00dcberqueren von Autostra\u00dfen .<\/p>\n\n\n\n<p>Wenn es irgendwie m\u00f6glich ist, und gerade kein Schnee liegt, dann auch gerne eine Wasserschale bereitstellen. Die Wasserschale sollte m\u00f6glichst eisfrei sein und t\u00e4glich neu gef\u00fcllt werden (Achtung, eine Wasserschale ist immer ein Krankheits\u00fcbertr\u00e4ger, deshalb bitte t\u00e4glich wechseln). Ideen f\u00fcr &#8222;eisfreie&#8220; Wasserschalen gibt es im Internet jede Menge, da muss man sich aussuchen, was unter den vorhandenen Gegebenheiten passt und vor allem praktikabel ist.<\/p>\n\n\n\n<p>Man kann den Eichh\u00f6rnchen auch<strong> Nistmaterial <\/strong>zur Verf\u00fcgung stellen. Dazu eigenen sich:<\/p>\n\n\n\n<ul class=\"wp-block-list\">\n<li>Naturbaumwolle<\/li>\n\n\n\n<li>kleine Fleecest\u00fccke (z.B. von einem alten ausgedienten Fleecepullover)<\/li>\n\n\n\n<li>Alpakawolle<\/li>\n\n\n\n<li>Schafwolle<\/li>\n\n\n\n<li>ausgek\u00e4mmtes Hunde- oder Katzenhaar (aber nur, wenn nicht gerade aktuell ein Flohmittel gegeben wurde!)<\/li>\n\n\n\n<li>Holzwolle (Achtung, nur sehr kleingeschnitten, damit sich die Eichies nicht damit strangulieren k\u00f6nnen)<\/li>\n\n\n\n<li>Jute (auch nur kleingeschnitten!!!)<\/li>\n\n\n\n<li>getrocknetes Moos oder Laub<\/li>\n<\/ul>\n\n\n\n<p>Man sollte das Nistmaterial m\u00f6glichst trocken zur Verf\u00fcgung stellen. Daf\u00fcr eignet sich ein &#8222;Eichh\u00f6rnchenkobel&#8220;, wie er \u00fcberall zu kaufen ist, Nistmaterialspender oder z.B. einen Baumwollbeutel (der trocken unter einem Dachvorsprung h\u00e4ngt) und an einer Ecke unten aufgeschnitten ist. Wichtig ist, dass das Nistmaterial trocken bleibt, damit sich die Eichies, oder auch V\u00f6gel, es mitnehmen (wir wollen ja auch keine nasse Bettw\u00e4sche).<\/p>\n\n\n\n<p>Noch Fragen? Dann gerne <a href=\"mailto:post@aktion-eichh\u00f6rnchen.de\">post@aktion-eichh\u00f6rnchen.de<\/a><\/p>\n","protected":false},"excerpt":{"rendered":"<p>Aktuell erreichen uns viele Anfragen: &#8222;Was kann ich den Eichh\u00f6rnchen im Winter f\u00fcttern, wie kann ich sie unterst\u00fctzen?&#8220; Wir wollen alle helfen. Wir haben auf unseren Seiten den Eichh\u00f6rnchen-Flyer, der <a class=\"more-link\" href=\"https:\/\/aktion-eichhoernchen.de\/wp_aktion\/?page_id=6414\">Continue Reading &rarr;<\/a><\/p>\n","protected":false},"author":1,"featured_media":0,"parent":0,"menu_order":0,"comment_status":"closed","ping_status":"closed","template":"","meta":{"footnotes":""},"class_list":["post-6414","page","type-page","status-publish","hentry"],"_links":{"self":[{"href":"https:\/\/aktion-eichhoernchen.de\/wp_aktion\/index.php?rest_route=\/wp\/v2\/pages\/6414","targetHints":{"allow":["GET"]}}],"collection":[{"href":"https:\/\/aktion-eichhoernchen.de\/wp_aktion\/index.php?rest_route=\/wp\/v2\/pages"}],"about":[{"href":"https:\/\/aktion-eichhoernchen.de\/wp_aktion\/index.php?rest_route=\/wp\/v2\/types\/page"}],"author":[{"embeddable":true,"href":"https:\/\/aktion-eichhoernchen.de\/wp_aktion\/index.php?rest_route=\/wp\/v2\/users\/1"}],"replies":[{"embeddable":true,"href":"https:\/\/aktion-eichhoernchen.de\/wp_aktion\/index.php?rest_route=%2Fwp%2Fv2%2Fcomments&post=6414"}],"version-history":[{"count":13,"href":"https:\/\/aktion-eichhoernchen.de\/wp_aktion\/index.php?rest_route=\/wp\/v2\/pages\/6414\/revisions"}],"predecessor-version":[{"id":12085,"href":"https:\/\/aktion-eichhoernchen.de\/wp_aktion\/index.php?rest_route=\/wp\/v2\/pages\/6414\/revisions\/12085"}],"wp:attachment":[{"href":"https:\/\/aktion-eichhoernchen.de\/wp_aktion\/index.php?rest_route=%2Fwp%2Fv2%2Fmedia&parent=6414"}],"curies":[{"name":"wp","href":"https:\/\/api.w.org\/{rel}","templated":true}]}}