{"id":5,"date":"2021-01-10T19:41:06","date_gmt":"2021-01-10T19:41:06","guid":{"rendered":"https:\/\/aktion-eichhoernchen.de\/wp_aktion\/?page_id=5"},"modified":"2026-02-01T04:21:07","modified_gmt":"2026-02-01T04:21:07","slug":"ueber-uns","status":"publish","type":"page","link":"https:\/\/aktion-eichhoernchen.de\/wp_aktion\/?page_id=5","title":{"rendered":"\u00dcber uns"},"content":{"rendered":"\n<p>Wir sind Eichh\u00f6rnchen-Fans, nein eher eichh\u00f6rnchenverr\u00fcckt. Dazu gekommen sind wir wie die Jungfrau zum Kinde: auf dem Weg zu einem Sonntagsspaziergang am sch\u00f6nen M\u00f6hnestausee im Sauerland fuhren wir mit dem Auto in Kolonne (auch andere hatten die glorreiche Idee) durch eine Ortschaft, da sahen wir ein Eichh\u00f6rnchen am Bordstein der anderen Stra\u00dfenseite, das Tierchen wirkte aufgeregt, wackelte \u201eeckig\u201c mit dem Schwanz hin und her, wippte von links nach rechts und zur\u00fcck und\u2026lief los, genau bis vor unser linkes Vorderrad.<\/p>\n\n\n<div class=\"wp-block-image\">\n<figure class=\"aligncenter size-full\"><img loading=\"lazy\" decoding=\"async\" width=\"320\" height=\"240\" src=\"https:\/\/aktion-eichhoernchen.de\/wp_aktion\/wp-content\/uploads\/2023\/09\/HP_Ueberfahrenes-Eichie.jpg\" alt=\"\" class=\"wp-image-5945\" srcset=\"https:\/\/aktion-eichhoernchen.de\/wp_aktion\/wp-content\/uploads\/2023\/09\/HP_Ueberfahrenes-Eichie.jpg 320w, https:\/\/aktion-eichhoernchen.de\/wp_aktion\/wp-content\/uploads\/2023\/09\/HP_Ueberfahrenes-Eichie-300x225.jpg 300w\" sizes=\"auto, (max-width: 320px) 100vw, 320px\" \/><\/figure>\n<\/div>\n\n\n<p>Der Tag war gelaufen, unsere Stimmung auf dem Nullpunkt, obwohl wir bis dahin Eichh\u00f6rnchen allenfalls als nett empfunden hatten.\u00a0 Nach unserer R\u00fcckkehr bem\u00fchten wir das Internet, fanden die Rettungsstation f\u00fcr unseren Wohnort und spendeten einen Betrag, quasi als selbstauferlegte Bu\u00dfe. Es kam ein freundliches \u201eDankesch\u00f6n\u201c, kurze Zeit sp\u00e4ter spendeten wir noch einmal (es ging auf Weihnachten zu)\u2026und so entstand ein erster Kontakt zu H.M., der schlie\u00dflich dazu f\u00fchrte, dass wir mal einen Blick ins H\u00f6rnchenzimmer und ins Au\u00dfengehege werfen durften. Wir boten unsere Hilfe an, sie wurde angenommen, und so gab eins das andere, bis \u2026 am 10.04.2018 die Anfrage kam, ob wir ein bemitleidenswertes H\u00f6rnchen mit hohem Pflegebedarf, ein Kr\u00e4henopfer mit argen Verletzungen, aufnehmen wollten, die Kapazit\u00e4ten der Station lie\u00dfen die ben\u00f6tigte intensive Pflege nicht zu. Die Verletzungen waren versorgt, aber das Kleine schwach, die Chancen eher schlecht.<\/p>\n\n\n<div class=\"wp-block-image\">\n<figure class=\"aligncenter size-full\"><img loading=\"lazy\" decoding=\"async\" width=\"600\" height=\"450\" src=\"https:\/\/aktion-eichhoernchen.de\/wp_aktion\/wp-content\/uploads\/2024\/02\/0002-1.jpg\" alt=\"\" class=\"wp-image-6783\" srcset=\"https:\/\/aktion-eichhoernchen.de\/wp_aktion\/wp-content\/uploads\/2024\/02\/0002-1.jpg 600w, https:\/\/aktion-eichhoernchen.de\/wp_aktion\/wp-content\/uploads\/2024\/02\/0002-1-300x225.jpg 300w\" sizes=\"auto, (max-width: 600px) 100vw, 600px\" \/><\/figure>\n<\/div>\n\n\n<p>Wir \u00fcbernahmen die Aufgabe, bet\u00fcdelten &#8222;Swiffy&#8220; (so haben wir sie dann getauft, weil sie wie ein &#8222;Staubmagnet&#8220; s\u00e4mtliche Wollm\u00e4use und Spinnweben unter unseren M\u00f6beln einsammelte) so gut es ging, und bald nahm das Tier an Gewicht zu. <\/p>\n\n\n\n<p>Wir bekamen durch einen Zufall noch ein Gesellschaftsh\u00f6rnchen (&#8222;Segelohr&#8220;), <\/p>\n\n\n<div class=\"wp-block-image\">\n<figure class=\"aligncenter size-full\"><img loading=\"lazy\" decoding=\"async\" width=\"600\" height=\"450\" src=\"https:\/\/aktion-eichhoernchen.de\/wp_aktion\/wp-content\/uploads\/2024\/02\/0001.jpg\" alt=\"\" class=\"wp-image-6781\" srcset=\"https:\/\/aktion-eichhoernchen.de\/wp_aktion\/wp-content\/uploads\/2024\/02\/0001.jpg 600w, https:\/\/aktion-eichhoernchen.de\/wp_aktion\/wp-content\/uploads\/2024\/02\/0001-300x225.jpg 300w\" sizes=\"auto, (max-width: 600px) 100vw, 600px\" \/><\/figure>\n<\/div>\n\n\n<p>ebenfalls Waise, aus unserer Nachbarschaft und wir hatten einige Wochen gut zu tun\u2026<\/p>\n\n\n\n<p>Die Beiden h\u00e4tten nicht gegens\u00e4tzlicher sein k\u00f6nnen. Swiffy wollte nicht fressen, wir mussten sie quasi  animieren, haben ihr alles angeboten, was der K\u00fchlschrank und die Lebensmittell\u00e4den angeboten haben, Segelohr hat sich quasi in Squirrelmilch ertr\u00e4nkt, sie mussten wir &#8222;bremsen&#8220;, da gab es kaum ein &#8222;Halt, ich bin satt!&#8220;. Die erste Erfahrung f\u00fcr uns: alle Eichh\u00f6rnchen sind Individuen, die kann man nicht \u00fcber den &#8222;ber\u00fchmten Kamm&#8220; scheren. <\/p>\n\n\n\n<p>Und so waren wir auf einmal mittendrin: ein Viererteam aus einem fast kompletten Wurf (&#8222;Alexa, Bixby, Siri und Cortano&#8220;) kam noch dazu und bis in den Sommer hinein waren wir &#8222;H\u00f6rncheneltern&#8220;. <\/p>\n\n\n<div class=\"wp-block-image\">\n<figure class=\"aligncenter size-full\"><img loading=\"lazy\" decoding=\"async\" width=\"500\" height=\"363\" src=\"https:\/\/aktion-eichhoernchen.de\/wp_aktion\/wp-content\/uploads\/2024\/02\/2018_06_03_184754.jpg\" alt=\"\" class=\"wp-image-6866\" srcset=\"https:\/\/aktion-eichhoernchen.de\/wp_aktion\/wp-content\/uploads\/2024\/02\/2018_06_03_184754.jpg 500w, https:\/\/aktion-eichhoernchen.de\/wp_aktion\/wp-content\/uploads\/2024\/02\/2018_06_03_184754-300x218.jpg 300w\" sizes=\"auto, (max-width: 500px) 100vw, 500px\" \/><\/figure>\n<\/div>\n\n\n<p>Von den sechs Tieren bekamen wir 5 durch und konnten sie auswildern. Seither dreht sich bei uns vieles um Eichh\u00f6rnchen, ob es nun der Betrieb der Homepages ist, ein Infostand beim Herbstfest des Tierheims, die Hilfe beim Weihnachtsmarkt im Wildwald, Infoveranstaltungen in Kinderg\u00e4rten oder Jugendeinrichtungen, das Sammeln von Baumhaseln\u00fcssen mitten in der Stadt, das Bef\u00fcllen von diversen Futterstationen usw.. Ein <a href=\"tel:01789148814\" type=\"page\" id=\"6867\">365Tage-Notruftelefon<\/a> gibt es inzwischen auch und w\u00e4hrend der H\u00f6rnchensaison gibt es viel zu tun. <\/p>\n\n\n\n<p>Und, weil wir nun mal ein bisschen verr\u00fcckt sind, sind wir auch im Stadtverkehr gut zu erkennen:<\/p>\n\n\n\n<figure class=\"wp-block-gallery has-nested-images columns-default is-cropped wp-block-gallery-2 is-layout-flex wp-block-gallery-is-layout-flex\">\n<figure class=\"wp-block-image size-large\"><a href=\"https:\/\/aktion-eichhoernchen.de\/wp_aktion\/wp-content\/uploads\/2024\/02\/0001-3.jpg\" target=\"_blank\" rel=\"noopener\"><img loading=\"lazy\" decoding=\"async\" width=\"600\" height=\"450\" data-id=\"6868\" src=\"https:\/\/aktion-eichhoernchen.de\/wp_aktion\/wp-content\/uploads\/2024\/02\/0001-3.jpg\" alt=\"\" class=\"wp-image-6868\" srcset=\"https:\/\/aktion-eichhoernchen.de\/wp_aktion\/wp-content\/uploads\/2024\/02\/0001-3.jpg 600w, https:\/\/aktion-eichhoernchen.de\/wp_aktion\/wp-content\/uploads\/2024\/02\/0001-3-300x225.jpg 300w\" sizes=\"auto, (max-width: 600px) 100vw, 600px\" \/><\/a><\/figure>\n\n\n\n<figure class=\"wp-block-image size-large\"><a href=\"https:\/\/aktion-eichhoernchen.de\/wp_aktion\/wp-content\/uploads\/2024\/02\/0002-2.jpg\" target=\"_blank\" rel=\"noopener\"><img loading=\"lazy\" decoding=\"async\" width=\"600\" height=\"450\" data-id=\"6786\" src=\"https:\/\/aktion-eichhoernchen.de\/wp_aktion\/wp-content\/uploads\/2024\/02\/0002-2.jpg\" alt=\"\" class=\"wp-image-6786\" srcset=\"https:\/\/aktion-eichhoernchen.de\/wp_aktion\/wp-content\/uploads\/2024\/02\/0002-2.jpg 600w, https:\/\/aktion-eichhoernchen.de\/wp_aktion\/wp-content\/uploads\/2024\/02\/0002-2-300x225.jpg 300w\" sizes=\"auto, (max-width: 600px) 100vw, 600px\" \/><\/a><\/figure>\n\n\n\n<figure class=\"wp-block-image size-large\"><a href=\"https:\/\/aktion-eichhoernchen.de\/wp_aktion\/wp-content\/uploads\/2024\/02\/0001_1.jpg\" target=\"_blank\" rel=\"noopener\"><img loading=\"lazy\" decoding=\"async\" width=\"600\" height=\"450\" data-id=\"6869\" src=\"https:\/\/aktion-eichhoernchen.de\/wp_aktion\/wp-content\/uploads\/2024\/02\/0001_1.jpg\" alt=\"\" class=\"wp-image-6869\" srcset=\"https:\/\/aktion-eichhoernchen.de\/wp_aktion\/wp-content\/uploads\/2024\/02\/0001_1.jpg 600w, https:\/\/aktion-eichhoernchen.de\/wp_aktion\/wp-content\/uploads\/2024\/02\/0001_1-300x225.jpg 300w\" sizes=\"auto, (max-width: 600px) 100vw, 600px\" \/><\/a><\/figure>\n<\/figure>\n\n\n\n<p>Und, wir freuen uns immer tierisch, wenn sogar unsere &#8222;Fahrzeuge&#8220; zu spontanen Eichh\u00f6rnchengespr\u00e4chen &amp; Spendeneinnahmen f\u00fchren &#8230; vor dem B\u00e4cker, vor dem Discounter usw. &#8230;<\/p>\n\n\n\n<p>Auch zu unseren Veranstaltungen sind immer ein paar &#8222;Eyecatcher&#8220; dabei:<\/p>\n\n\n<div class=\"wp-block-image\">\n<figure class=\"aligncenter size-full\"><img loading=\"lazy\" decoding=\"async\" width=\"600\" height=\"450\" src=\"https:\/\/aktion-eichhoernchen.de\/wp_aktion\/wp-content\/uploads\/2024\/02\/0001-1.jpg\" alt=\"\" class=\"wp-image-6789\" srcset=\"https:\/\/aktion-eichhoernchen.de\/wp_aktion\/wp-content\/uploads\/2024\/02\/0001-1.jpg 600w, https:\/\/aktion-eichhoernchen.de\/wp_aktion\/wp-content\/uploads\/2024\/02\/0001-1-300x225.jpg 300w\" sizes=\"auto, (max-width: 600px) 100vw, 600px\" \/><\/figure>\n<\/div>\n\n\n<p>.. und in der &#8222;eichh\u00f6rnchenfreien Zeit&#8220; sind wir nicht ohne Eichh\u00f6rnchen zu Hause:<\/p>\n\n\n\n<figure class=\"wp-block-gallery has-nested-images columns-default is-cropped wp-block-gallery-3 is-layout-flex wp-block-gallery-is-layout-flex\">\n<figure class=\"wp-block-image size-large\"><a href=\"https:\/\/aktion-eichhoernchen.de\/wp_aktion\/wp-content\/uploads\/2024\/02\/0002-4.jpg\" target=\"_blank\" rel=\"noopener\"><img loading=\"lazy\" decoding=\"async\" width=\"600\" height=\"450\" data-id=\"6870\" src=\"https:\/\/aktion-eichhoernchen.de\/wp_aktion\/wp-content\/uploads\/2024\/02\/0002-4.jpg\" alt=\"\" class=\"wp-image-6870\" srcset=\"https:\/\/aktion-eichhoernchen.de\/wp_aktion\/wp-content\/uploads\/2024\/02\/0002-4.jpg 600w, https:\/\/aktion-eichhoernchen.de\/wp_aktion\/wp-content\/uploads\/2024\/02\/0002-4-300x225.jpg 300w\" sizes=\"auto, (max-width: 600px) 100vw, 600px\" \/><\/a><\/figure>\n\n\n\n<figure class=\"wp-block-image size-large\"><a href=\"https:\/\/aktion-eichhoernchen.de\/wp_aktion\/wp-content\/uploads\/2024\/02\/0004-2.jpg\" target=\"_blank\" rel=\"noopener\"><img loading=\"lazy\" decoding=\"async\" width=\"600\" height=\"450\" data-id=\"6872\" src=\"https:\/\/aktion-eichhoernchen.de\/wp_aktion\/wp-content\/uploads\/2024\/02\/0004-2.jpg\" alt=\"\" class=\"wp-image-6872\" srcset=\"https:\/\/aktion-eichhoernchen.de\/wp_aktion\/wp-content\/uploads\/2024\/02\/0004-2.jpg 600w, https:\/\/aktion-eichhoernchen.de\/wp_aktion\/wp-content\/uploads\/2024\/02\/0004-2-300x225.jpg 300w\" sizes=\"auto, (max-width: 600px) 100vw, 600px\" \/><\/a><\/figure>\n\n\n\n<figure class=\"wp-block-image size-large\"><a href=\"https:\/\/aktion-eichhoernchen.de\/wp_aktion\/wp-content\/uploads\/2024\/02\/0003-2.jpg\" target=\"_blank\" rel=\"noopener\"><img loading=\"lazy\" decoding=\"async\" width=\"600\" height=\"450\" data-id=\"6871\" src=\"https:\/\/aktion-eichhoernchen.de\/wp_aktion\/wp-content\/uploads\/2024\/02\/0003-2.jpg\" alt=\"\" class=\"wp-image-6871\" srcset=\"https:\/\/aktion-eichhoernchen.de\/wp_aktion\/wp-content\/uploads\/2024\/02\/0003-2.jpg 600w, https:\/\/aktion-eichhoernchen.de\/wp_aktion\/wp-content\/uploads\/2024\/02\/0003-2-300x225.jpg 300w\" sizes=\"auto, (max-width: 600px) 100vw, 600px\" \/><\/a><\/figure>\n<\/figure>\n\n\n\n<p>Da wir immer mal wieder von den Findern &#8222;Geld zusteckt&#8220; bekamen, weil die Aufzucht ja nicht einfach und vor allem auch nicht billig ist, haben wir uns im Dezember 2020 &#8211; unter Coronabedingungen &#8211; dazu entschlossen den Verein Aktion Eichh\u00f6rnchen e.V. zu gr\u00fcnden. Gr\u00fcndungsmitglieder waren schnell gefunden, das Amtsgericht und Finanzamt hatten auch keine Einw\u00e4nde, so dass wir seither zum einen zur Rechenschaft \u00fcber unsere Einnahmen und Ausgaben verpflichtet sind, aber auch Spendenquittungen f\u00fcr unsere Spender*innen ausstellen d\u00fcrfen. Mit Bescheid vom 18.05.2022 d\u00fcrfen wir das auch weiterhin tun, wir sind ordnungsgem\u00e4\u00df &#8222;gepr\u00fcft&#8220; worden. Wir legen unsere Finanzen offen, wir haben nichts zu verbergen:<\/p>\n\n\n\n<p><a href=\"https:\/\/aktion-eichhoernchen.de\/wp_aktion\/?page_id=641\" data-type=\"link\" data-id=\"https:\/\/aktion-eichhoernchen.de\/wp_aktion\/?page_id=641\">Verein<\/a><\/p>\n\n\n\n<p>Und es geht uns nicht nur darum, Eichh\u00f6rnchen zu p\u00e4ppeln. Denn wir als P\u00e4ppelstation sind auf die Finder und deren &#8222;richtige&#8220; Hilfe angewiesen. Das setzt aber voraus, dass <strong>wir<\/strong> auch die richtigen Infos vermitteln: &#8222;Wie verhalte ich mich richtig?&#8220;. Unseres Erachtens k\u00f6nnen wir uns nicht nur auf eine P\u00e4ppelstation zur\u00fcckziehen und bem\u00e4ngeln, dass uns die H\u00f6rnchen nicht &#8222;optimal&#8220; \u00fcbergeben werden. Ein*e Finder*in muss schnell und unkompliziert Hilfe im Internet oder am Telefon erlangen und zwar v\u00f6llig unabh\u00e4ngig vom Standort, ob in NRW, in Bayern oder im Saarland. Das ist unser Auftrag.<\/p>\n\n\n\n<p>Neben unserer Stoffeichh\u00f6rnchensammlung haben wir zehntausende Fotos, die wir von unseren Pflegeh\u00f6rnchen selbst geschossen haben, jede Menge <a href=\"https:\/\/www.youtube.com\/@AktionEichhoernchen\" type=\"link\" id=\"https:\/\/www.youtube.com\/@wernerschmitz5739\">YouTube-Videos<\/a> und einiges an Geld ist auch bereits in diese Leidenschaft geflossen. Aber immer, wenn wir in der Natur ein H\u00f6rnchen herumh\u00fcpfen sehen, wissen wir, dass es bei diesen tollen Tieren gut angelegt ist.<\/p>\n\n\n<div class=\"wp-block-image\">\n<figure class=\"aligncenter size-full\"><img loading=\"lazy\" decoding=\"async\" width=\"600\" height=\"400\" src=\"https:\/\/aktion-eichhoernchen.de\/wp_aktion\/wp-content\/uploads\/2024\/02\/0004.jpg\" alt=\"\" class=\"wp-image-6788\" srcset=\"https:\/\/aktion-eichhoernchen.de\/wp_aktion\/wp-content\/uploads\/2024\/02\/0004.jpg 600w, https:\/\/aktion-eichhoernchen.de\/wp_aktion\/wp-content\/uploads\/2024\/02\/0004-300x200.jpg 300w, https:\/\/aktion-eichhoernchen.de\/wp_aktion\/wp-content\/uploads\/2024\/02\/0004-360x240.jpg 360w\" sizes=\"auto, (max-width: 600px) 100vw, 600px\" \/><\/figure>\n<\/div>\n\n\n<p><br>Steffi und Werner Schmitz<\/p>\n","protected":false},"excerpt":{"rendered":"<p>Wir sind Eichh\u00f6rnchen-Fans, nein eher eichh\u00f6rnchenverr\u00fcckt. Dazu gekommen sind wir wie die Jungfrau zum Kinde: auf dem Weg zu einem Sonntagsspaziergang am sch\u00f6nen M\u00f6hnestausee im Sauerland fuhren wir mit dem <a class=\"more-link\" href=\"https:\/\/aktion-eichhoernchen.de\/wp_aktion\/?page_id=5\">Continue Reading &rarr;<\/a><\/p>\n","protected":false},"author":1,"featured_media":0,"parent":0,"menu_order":130,"comment_status":"closed","ping_status":"closed","template":"","meta":{"footnotes":""},"class_list":["post-5","page","type-page","status-publish","hentry"],"_links":{"self":[{"href":"https:\/\/aktion-eichhoernchen.de\/wp_aktion\/index.php?rest_route=\/wp\/v2\/pages\/5","targetHints":{"allow":["GET"]}}],"collection":[{"href":"https:\/\/aktion-eichhoernchen.de\/wp_aktion\/index.php?rest_route=\/wp\/v2\/pages"}],"about":[{"href":"https:\/\/aktion-eichhoernchen.de\/wp_aktion\/index.php?rest_route=\/wp\/v2\/types\/page"}],"author":[{"embeddable":true,"href":"https:\/\/aktion-eichhoernchen.de\/wp_aktion\/index.php?rest_route=\/wp\/v2\/users\/1"}],"replies":[{"embeddable":true,"href":"https:\/\/aktion-eichhoernchen.de\/wp_aktion\/index.php?rest_route=%2Fwp%2Fv2%2Fcomments&post=5"}],"version-history":[{"count":14,"href":"https:\/\/aktion-eichhoernchen.de\/wp_aktion\/index.php?rest_route=\/wp\/v2\/pages\/5\/revisions"}],"predecessor-version":[{"id":12420,"href":"https:\/\/aktion-eichhoernchen.de\/wp_aktion\/index.php?rest_route=\/wp\/v2\/pages\/5\/revisions\/12420"}],"wp:attachment":[{"href":"https:\/\/aktion-eichhoernchen.de\/wp_aktion\/index.php?rest_route=%2Fwp%2Fv2%2Fmedia&parent=5"}],"curies":[{"name":"wp","href":"https:\/\/api.w.org\/{rel}","templated":true}]}}