{"id":17,"date":"2021-01-10T19:54:59","date_gmt":"2021-01-10T19:54:59","guid":{"rendered":"https:\/\/aktion-eichhoernchen.de\/wp_aktion\/?page_id=17"},"modified":"2025-12-10T05:25:02","modified_gmt":"2025-12-10T05:25:02","slug":"was-tun","status":"publish","type":"page","link":"https:\/\/aktion-eichhoernchen.de\/wp_aktion\/?page_id=17","title":{"rendered":"Was tun?"},"content":{"rendered":"\n<p>Haben Sie einen <strong>akuten Notfall<\/strong>?<strong> <a href=\"https:\/\/aktion-eichhoernchen.de\/wp_aktion\/wp-content\/uploads\/2021\/01\/Umgang-mit-Findelkindern.pdf\" target=\"_blank\" rel=\"noreferrer noopener\">Hier<\/a><\/strong> finden Sie eine kurze Anleitung f\u00fcr die ersten Schritte&#8230;oder wenden Sie sich an eine Pflegestelle auf der Seite <a href=\"https:\/\/eichh\u00f6rnchen-in-not.de\" target=\"_blank\" rel=\"noreferrer noopener\"><strong>www.eichh\u00f6rnchen-in-not.de<\/strong><\/a>. Nicht alle Pflegestellen haben ein 24\/7 Notruftelefon und k\u00f6nnen auch -gerade in Eichh\u00f6rnchen-Hochzeiten &#8211; auch mal nicht sofort ans Telefon gehen. Sie rufen aber dann baldm\u00f6glichst zur\u00fcck.<br><strong>Wenn Sie H\u00f6rnchen in der N\u00e4he beobachten, k\u00f6nnen Sie:<\/strong><\/p>\n\n\n\n<p>Ihren Garten &#8222;h\u00f6rnchensicher&#8220; gestalten, also Wasserf\u00e4sser- oder beh\u00e4lter -vor allem Pools mit ihrem gechlorten Wasser- abdecken und\/oder m\u00f6glichst einen Ast hineinstellen, damit ein hineingefallenes H\u00f6rnchen wieder herausklettern kann.<\/p>\n\n\n\n<p>Im Garten auf Vogelnetze verzichten, darin k\u00f6nnten sich H\u00f6rnchen (und z.B. auch Igel und V\u00f6gel) verfangen:<\/p>\n\n\n<div class=\"wp-block-image\">\n<figure class=\"aligncenter size-full\"><img loading=\"lazy\" decoding=\"async\" width=\"500\" height=\"394\" src=\"https:\/\/aktion-eichhoernchen.de\/wp_aktion\/wp-content\/uploads\/2023\/12\/324416356_690486445906363_7949275309604305564_n.jpg\" alt=\"\" class=\"wp-image-6452\" srcset=\"https:\/\/aktion-eichhoernchen.de\/wp_aktion\/wp-content\/uploads\/2023\/12\/324416356_690486445906363_7949275309604305564_n.jpg 500w, https:\/\/aktion-eichhoernchen.de\/wp_aktion\/wp-content\/uploads\/2023\/12\/324416356_690486445906363_7949275309604305564_n-300x236.jpg 300w\" sizes=\"auto, (max-width: 500px) 100vw, 500px\" \/><\/figure>\n<\/div>\n\n\n<p>Im Garten oder auf dem Balkon keine stromf\u00fchrenden Kabel offen herumliegen lassen; die Tiere nagen alles an, bekommen einen t\u00f6dlichen Stromschlag oder k\u00f6nnen sich damit strangulieren.<\/p>\n\n\n\n<p>Eine flache Schale (Unterteller, Pflanztopfuntersetzer) mit Wasser aufstellen und ggfs. ein paar Kieselsteine hineinlegen, \u00fcbrigens bedanken sich daf\u00fcr auch die V\u00f6gel, Igel und, \u00fcber die Kieselsteine, die Insekten wie z.B. Bienen, Libellen etc.; m\u00f6glichst t\u00e4glich wechseln, wenn sich verschiedene Tiere daran bedienen um die \u00dcbertragung von Krankheitserregern einzuschr\u00e4nken.<\/p>\n\n\n\n<figure class=\"wp-block-image size-full\"><img loading=\"lazy\" decoding=\"async\" width=\"993\" height=\"662\" src=\"https:\/\/aktion-eichhoernchen.de\/wp_aktion\/wp-content\/uploads\/2023\/12\/Trinkendes-Eichie.jpg\" alt=\"\" class=\"wp-image-6444\" srcset=\"https:\/\/aktion-eichhoernchen.de\/wp_aktion\/wp-content\/uploads\/2023\/12\/Trinkendes-Eichie.jpg 993w, https:\/\/aktion-eichhoernchen.de\/wp_aktion\/wp-content\/uploads\/2023\/12\/Trinkendes-Eichie-300x200.jpg 300w, https:\/\/aktion-eichhoernchen.de\/wp_aktion\/wp-content\/uploads\/2023\/12\/Trinkendes-Eichie-768x512.jpg 768w, https:\/\/aktion-eichhoernchen.de\/wp_aktion\/wp-content\/uploads\/2023\/12\/Trinkendes-Eichie-750x499.jpg 750w, https:\/\/aktion-eichhoernchen.de\/wp_aktion\/wp-content\/uploads\/2023\/12\/Trinkendes-Eichie-360x240.jpg 360w\" sizes=\"auto, (max-width: 993px) 100vw, 993px\" \/><\/figure>\n\n\n\n<p>Futter anbieten, z.B. in einer Futterstation (gibt\u2019s z.B. bei Gartencentern f\u00fcr ca. 10,- \u20ac); einige Futterstationen besitzen einen hochklappbaren Deckel, den Mechanismus kapieren H\u00f6rnchen schnell und das Futter ist vor Ratten und V\u00f6geln gesch\u00fctzt, vor allem, wenn sie irgendwo erh\u00f6ht angebracht sind und nicht auf den Boden stehen. Sie k\u00f6nnen auch Futterstationen selbst bauen, Anleitungen gibt es im Internet, auch auf dieser <strong><a href=\"https:\/\/aktion-eichhoernchen.de\/wp_aktion\/?page_id=102\" data-type=\"link\" data-id=\"https:\/\/aktion-eichhoernchen.de\/wp_aktion\/?page_id=102\">Seite bei uns<\/a><\/strong>,\u00a0wir haben dort auch einige Erfahrungen aus unserer P\u00e4ppelpraxis aufgeschrieben.\u00a0<\/p>\n\n\n\n<p><strong>Was fressen Eichh\u00f6rnchen?<\/strong><\/p>\n\n\n\n<p>Wal- und Haseln\u00fcsse (am besten mit Schale), Baumn\u00fcsse, Sonnenblumenkerne, Pinienkerne, Maiskolben, Bucheckern, Maronen, heimisches Obst wie \u00c4pfel, Himbeeren, Birnen und Gem\u00fcse wie z.B. M\u00f6hrenscheiben, Zucchinischalen, Champignons, Chicoree, Salatgurke usw.. \u00c4hnlich wie wir auch, nicht jedes Eichh\u00f6rnchen mag alles!<\/p>\n\n\n<div class=\"wp-block-image\">\n<figure class=\"aligncenter size-full\"><img loading=\"lazy\" decoding=\"async\" width=\"500\" height=\"335\" src=\"https:\/\/aktion-eichhoernchen.de\/wp_aktion\/wp-content\/uploads\/2024\/02\/2018_06_24_082208.jpg\" alt=\"\" class=\"wp-image-6918\" srcset=\"https:\/\/aktion-eichhoernchen.de\/wp_aktion\/wp-content\/uploads\/2024\/02\/2018_06_24_082208.jpg 500w, https:\/\/aktion-eichhoernchen.de\/wp_aktion\/wp-content\/uploads\/2024\/02\/2018_06_24_082208-300x201.jpg 300w, https:\/\/aktion-eichhoernchen.de\/wp_aktion\/wp-content\/uploads\/2024\/02\/2018_06_24_082208-360x240.jpg 360w\" sizes=\"auto, (max-width: 500px) 100vw, 500px\" \/><\/figure>\n<\/div>\n\n\n<p>Was fressen bzw. vertragen Eichh\u00f6rnchen <strong>nicht<\/strong>?<\/p>\n\n\n\n<ul class=\"wp-block-list\">\n<li>Eicheln (hoher Gehalt an Bitter- und Gerbstoffen)<\/li>\n\n\n\n<li>Rosskastanien (ebenfalls zu viele Bitterstoffe)<\/li>\n\n\n\n<li>Erdn\u00fcsse (keine heimische &#8222;Nuss&#8220;, ger\u00f6stet, d\u00fcnne Schale eignet sich nicht zum Verbuddeln)<\/li>\n\n\n\n<li>Kuhmilch<\/li>\n<\/ul>\n\n\n\n<p class=\"has-text-align-left\">Diese Infos als Flyer k\u00f6nnen Sie auch <a href=\"https:\/\/aktion-eichhoernchen.de\/wp_aktion\/wp-content\/uploads\/2025\/12\/2025_12_Flyer.pdf\" type=\"link\" id=\"https:\/\/aktion-eichhoernchen.de\/wp_aktion\/wp-content\/uploads\/2022\/09\/2022_09_Fleyer.pdf\"><strong>hier<\/strong><\/a> herunterladen! Hier gibt es auch noch Tipps zu jahreszeitengerechter F\u00fctterung von Eichh\u00f6rnchen: <a href=\"https:\/\/aktion-eichhoernchen.de\/wp_aktion\/?page_id=6734\" data-type=\"link\" data-id=\"https:\/\/aktion-eichhoernchen.de\/wp_aktion\/?page_id=6734\"><strong>Sommerf\u00fctterung<\/strong><\/a> \/ <strong><a href=\"https:\/\/aktion-eichhoernchen.de\/wp_aktion\/?page_id=6414\" data-type=\"link\" data-id=\"https:\/\/aktion-eichhoernchen.de\/wp_aktion\/?page_id=6414\">Winterf\u00fctterung<\/a>.<\/strong><\/p>\n\n\n\n<p>Nistmaterial anbieten (m\u00f6glichst trocken gelagert in einem &#8222;Futterh\u00e4uschen&#8220; oder &#8222;Kobel&#8220;): es eignen sich Naturwolle, Heilwolle, Alpakawolle, Schafwolle, kleingeschnittene Fleece oder Baumwollst\u00fccke, ausgek\u00e4mmtes Haar von &#8222;Hund und Katz&#8220;!<\/p>\n\n\n<div class=\"wp-block-image\">\n<figure class=\"aligncenter size-full\"><img loading=\"lazy\" decoding=\"async\" width=\"500\" height=\"333\" src=\"https:\/\/aktion-eichhoernchen.de\/wp_aktion\/wp-content\/uploads\/2024\/02\/292482871_470649371730394_2227966261502746949_n.jpg\" alt=\"\" class=\"wp-image-6915\" srcset=\"https:\/\/aktion-eichhoernchen.de\/wp_aktion\/wp-content\/uploads\/2024\/02\/292482871_470649371730394_2227966261502746949_n.jpg 500w, https:\/\/aktion-eichhoernchen.de\/wp_aktion\/wp-content\/uploads\/2024\/02\/292482871_470649371730394_2227966261502746949_n-300x200.jpg 300w, https:\/\/aktion-eichhoernchen.de\/wp_aktion\/wp-content\/uploads\/2024\/02\/292482871_470649371730394_2227966261502746949_n-360x240.jpg 360w\" sizes=\"auto, (max-width: 500px) 100vw, 500px\" \/><figcaption class=\"wp-element-caption\">\u00a9 Tine Meier<\/figcaption><\/figure>\n<\/div>\n\n\n<p>Sie k\u00f6nnen auch ein wenig die Augen offen halten, ob Sie evtl. entdecken, <strong>wo die Tiere ihren Kobel gebaut haben<\/strong> &#8211; das k\u00f6nnte hilfreich sein, wenn doch mal eines bei der Futtersuche \u00fcberfahren oder Opfer eines Fre\u00dffeindes wird, denn dann k\u00f6nnte man nach vielleicht vorhandenem Nachwuchs schauen und diesen vor der Katastrophe bewahren.<\/p>\n\n\n<div class=\"wp-block-image\">\n<figure class=\"aligncenter size-full\"><img loading=\"lazy\" decoding=\"async\" width=\"500\" height=\"500\" src=\"https:\/\/aktion-eichhoernchen.de\/wp_aktion\/wp-content\/uploads\/2024\/02\/423131603_924439479684712_8632256434077172817_n.jpg\" alt=\"\" class=\"wp-image-6916\" srcset=\"https:\/\/aktion-eichhoernchen.de\/wp_aktion\/wp-content\/uploads\/2024\/02\/423131603_924439479684712_8632256434077172817_n.jpg 500w, https:\/\/aktion-eichhoernchen.de\/wp_aktion\/wp-content\/uploads\/2024\/02\/423131603_924439479684712_8632256434077172817_n-300x300.jpg 300w, https:\/\/aktion-eichhoernchen.de\/wp_aktion\/wp-content\/uploads\/2024\/02\/423131603_924439479684712_8632256434077172817_n-150x150.jpg 150w\" sizes=\"auto, (max-width: 500px) 100vw, 500px\" \/><figcaption class=\"wp-element-caption\">\u00a9 Tine Meier<\/figcaption><\/figure>\n<\/div>\n\n\n<p>Eichh\u00f6rnchenschutz ist eine <strong>Sisyphos-Aufgabe<\/strong>, die viel Freizeit und auch Geld und auch ein wenig Selbstaufgabe erfordert &#8211; aber auch sehr viele Gl\u00fccksmomente beschert.<\/p>\n\n\n\n<p>Zum einen wollen wir Tiere f\u00fcttern, weil sie in ihrer Lebensumgebung vermutlich nicht genug finden, daher suchen wir z.B. nach <strong>N\u00fcssen<\/strong>, seien es gespendete oder solche, die wir legal selbst sammeln d\u00fcrfen. Hilfreich w\u00e4ren also Tipps mit Standorten von &#8222;freien&#8220; Wal-, Hasel- und Baumhaselnussb\u00e4umen in erreichbarer N\u00e4he, also ca. 10 Kilometer rund um Unna gelegen. Maiskolben (kann man z.B. direkt nach der Ernte vom Feld sammeln und trocknen) w\u00e4ren auch nicht schlecht&#8230; oder g\u00fcnstige Bezugsquellen, Menschen, die f\u00fcr den guten Zweck vielleicht nicht den Marktpreis fordern.<\/p>\n\n\n\n<figure class=\"wp-block-gallery has-nested-images columns-default is-cropped wp-block-gallery-2 is-layout-flex wp-block-gallery-is-layout-flex\">\n<figure class=\"wp-block-image size-large\"><img loading=\"lazy\" decoding=\"async\" width=\"500\" height=\"375\" data-id=\"6919\" src=\"https:\/\/aktion-eichhoernchen.de\/wp_aktion\/wp-content\/uploads\/2024\/02\/2023_10_06_130921.jpg\" alt=\"\" class=\"wp-image-6919\" srcset=\"https:\/\/aktion-eichhoernchen.de\/wp_aktion\/wp-content\/uploads\/2024\/02\/2023_10_06_130921.jpg 500w, https:\/\/aktion-eichhoernchen.de\/wp_aktion\/wp-content\/uploads\/2024\/02\/2023_10_06_130921-300x225.jpg 300w\" sizes=\"auto, (max-width: 500px) 100vw, 500px\" \/><\/figure>\n\n\n\n<figure class=\"wp-block-image size-large\"><img loading=\"lazy\" decoding=\"async\" width=\"500\" height=\"394\" data-id=\"6920\" src=\"https:\/\/aktion-eichhoernchen.de\/wp_aktion\/wp-content\/uploads\/2024\/02\/2023_10_06_171245.jpg\" alt=\"\" class=\"wp-image-6920\" srcset=\"https:\/\/aktion-eichhoernchen.de\/wp_aktion\/wp-content\/uploads\/2024\/02\/2023_10_06_171245.jpg 500w, https:\/\/aktion-eichhoernchen.de\/wp_aktion\/wp-content\/uploads\/2024\/02\/2023_10_06_171245-300x236.jpg 300w\" sizes=\"auto, (max-width: 500px) 100vw, 500px\" \/><\/figure>\n<\/figure>\n\n\n\n<p>Dann suchen wir nach <strong>Au\u00dfengehegen<\/strong>, in die wir unsere gep\u00e4ppelten H\u00f6rnchen geben k\u00f6nnen, damit sie dort auf die Auswilderung vorbereitet werden k\u00f6nnen. Z.Zt. geben wir sie in den Wildwald Vo\u00dfwinkel zwischen Wickede-Wimbern und Neheim, dort k\u00f6nnen sie in den L\u00fcerwald umsiedeln, der ihnen gute Lebensbedingungen bietet. Aber je nach Anzahl der Patienten k\u00f6nnte es dort im Au\u00dfengehege auch einmal knapp werden. Auch M\u00f6glichkeiten zur Auswilderung werden dankbar angenommen, vielleicht hat jemand eine Idee, wo Pfleglinge ein lebenswertes zuhause finden? Oder Unterbringungsm\u00f6glichkeiten f\u00fcr Residenten, also solche, die nicht ausgewildert werden k\u00f6nnen.<\/p>\n\n\n<div class=\"wp-block-image\">\n<figure class=\"aligncenter size-full\"><img loading=\"lazy\" decoding=\"async\" width=\"500\" height=\"375\" src=\"https:\/\/aktion-eichhoernchen.de\/wp_aktion\/wp-content\/uploads\/2024\/02\/2023_09_12_143149.jpg\" alt=\"\" class=\"wp-image-6921\" srcset=\"https:\/\/aktion-eichhoernchen.de\/wp_aktion\/wp-content\/uploads\/2024\/02\/2023_09_12_143149.jpg 500w, https:\/\/aktion-eichhoernchen.de\/wp_aktion\/wp-content\/uploads\/2024\/02\/2023_09_12_143149-300x225.jpg 300w\" sizes=\"auto, (max-width: 500px) 100vw, 500px\" \/><\/figure>\n<\/div>\n\n\n<p>Einige bei uns verlinkte <a href=\"https:\/\/www.eichh\u00f6rnchen-in-not.de\" data-type=\"link\" data-id=\"https:\/\/www.eichh\u00f6rnchen-in-not.de\"><strong>Rettungsstationen<\/strong><\/a> bestehen nur aus einer Person, die gern etwas <strong>Hilfe bei der Unterhaltung des Au\u00dfengeheges<\/strong> oder der <strong>Pflege von Futterstationen im Auswilderungsrevier<\/strong> hat.<\/p>\n\n\n\n<p>Vielleicht m\u00f6chten Sie <strong>selbst Pflegestelle werden<\/strong>? Infos und unsere Erfahrungen finden Sie <a href=\"https:\/\/aktion-eichhoernchen.de\/wp_aktion\/?page_id=6433\" data-type=\"link\" data-id=\"https:\/\/aktion-eichhoernchen.de\/wp_aktion\/?page_id=6433\"><strong>hier<\/strong><\/a>.<\/p>\n\n\n\n<figure class=\"wp-block-gallery has-nested-images columns-default is-cropped wp-block-gallery-3 is-layout-flex wp-block-gallery-is-layout-flex\">\n<figure class=\"wp-block-image size-large\"><img loading=\"lazy\" decoding=\"async\" width=\"500\" height=\"373\" data-id=\"6928\" src=\"https:\/\/aktion-eichhoernchen.de\/wp_aktion\/wp-content\/uploads\/2024\/02\/2020_03_16_171302.jpg\" alt=\"\" class=\"wp-image-6928\" srcset=\"https:\/\/aktion-eichhoernchen.de\/wp_aktion\/wp-content\/uploads\/2024\/02\/2020_03_16_171302.jpg 500w, https:\/\/aktion-eichhoernchen.de\/wp_aktion\/wp-content\/uploads\/2024\/02\/2020_03_16_171302-300x224.jpg 300w\" sizes=\"auto, (max-width: 500px) 100vw, 500px\" \/><\/figure>\n\n\n\n<figure class=\"wp-block-image size-large\"><img loading=\"lazy\" decoding=\"async\" width=\"500\" height=\"377\" data-id=\"6929\" src=\"https:\/\/aktion-eichhoernchen.de\/wp_aktion\/wp-content\/uploads\/2024\/02\/2020_03_17_173345.jpg\" alt=\"\" class=\"wp-image-6929\" srcset=\"https:\/\/aktion-eichhoernchen.de\/wp_aktion\/wp-content\/uploads\/2024\/02\/2020_03_17_173345.jpg 500w, https:\/\/aktion-eichhoernchen.de\/wp_aktion\/wp-content\/uploads\/2024\/02\/2020_03_17_173345-300x226.jpg 300w\" sizes=\"auto, (max-width: 500px) 100vw, 500px\" \/><\/figure>\n<\/figure>\n","protected":false},"excerpt":{"rendered":"<p>Haben Sie einen akuten Notfall? Hier finden Sie eine kurze Anleitung f\u00fcr die ersten Schritte&#8230;oder wenden Sie sich an eine Pflegestelle auf der Seite www.eichh\u00f6rnchen-in-not.de. Nicht alle Pflegestellen haben ein <a class=\"more-link\" href=\"https:\/\/aktion-eichhoernchen.de\/wp_aktion\/?page_id=17\">Continue Reading &rarr;<\/a><\/p>\n","protected":false},"author":1,"featured_media":0,"parent":0,"menu_order":40,"comment_status":"closed","ping_status":"closed","template":"","meta":{"footnotes":""},"class_list":["post-17","page","type-page","status-publish","hentry"],"_links":{"self":[{"href":"https:\/\/aktion-eichhoernchen.de\/wp_aktion\/index.php?rest_route=\/wp\/v2\/pages\/17","targetHints":{"allow":["GET"]}}],"collection":[{"href":"https:\/\/aktion-eichhoernchen.de\/wp_aktion\/index.php?rest_route=\/wp\/v2\/pages"}],"about":[{"href":"https:\/\/aktion-eichhoernchen.de\/wp_aktion\/index.php?rest_route=\/wp\/v2\/types\/page"}],"author":[{"embeddable":true,"href":"https:\/\/aktion-eichhoernchen.de\/wp_aktion\/index.php?rest_route=\/wp\/v2\/users\/1"}],"replies":[{"embeddable":true,"href":"https:\/\/aktion-eichhoernchen.de\/wp_aktion\/index.php?rest_route=%2Fwp%2Fv2%2Fcomments&post=17"}],"version-history":[{"count":43,"href":"https:\/\/aktion-eichhoernchen.de\/wp_aktion\/index.php?rest_route=\/wp\/v2\/pages\/17\/revisions"}],"predecessor-version":[{"id":12091,"href":"https:\/\/aktion-eichhoernchen.de\/wp_aktion\/index.php?rest_route=\/wp\/v2\/pages\/17\/revisions\/12091"}],"wp:attachment":[{"href":"https:\/\/aktion-eichhoernchen.de\/wp_aktion\/index.php?rest_route=%2Fwp%2Fv2%2Fmedia&parent=17"}],"curies":[{"name":"wp","href":"https:\/\/api.w.org\/{rel}","templated":true}]}}